{"id":3264,"date":"2025-10-19T20:54:56","date_gmt":"2025-10-19T20:54:56","guid":{"rendered":"https:\/\/lawcdh.com\/es\/?page_id=3264"},"modified":"2025-10-19T20:54:57","modified_gmt":"2025-10-19T20:54:57","slug":"accidente-por-fuga","status":"publish","type":"page","link":"https:\/\/lawcdh.com\/es\/areas-de-practica\/lesiones-personales\/accidente-automovilistico\/accidente-por-fuga\/","title":{"rendered":"Accidente por fuga"},"content":{"rendered":"\n<p>Sufrir un accidente automovil\u00edstico ya es bastante grave. Para empeorar la situaci\u00f3n, en muchos casos el conductor responsable huye de la escena para evadir su responsabilidad. Los accidentes por fuga son ilegales en Nueva York, pero lamentablemente esto no impide que muchos conductores abandonen el lugar de choques graves e incluso mortales.<\/p>\n\n\n\n<p>La buena noticia es que puede haber cobertura de seguro y otras opciones que lo ayuden a recibir compensaci\u00f3n por gastos m\u00e9dicos, salarios perdidos y m\u00e1s. La mejor decisi\u00f3n despu\u00e9s de un accidente por fuga en Syracuse es comunicarse con un abogado con experiencia. P\u00f3ngase en contacto hoy con Carden Dotzler Hammond, PLLC.<\/p>\n\n\n\n<h2 class=\"wp-block-heading\" id=\"opciones-de-seguro-para-victimas-de-accidentes-por-fuga\">Opciones de seguro para v\u00edctimas de accidentes por fuga<\/h2>\n\n\n\n<p>Si estuvo involucrado en un accidente por fuga, una de sus principales preocupaciones ser\u00e1 obtener compensaci\u00f3n por sus facturas m\u00e9dicas y dem\u00e1s p\u00e9rdidas. Incluso si la polic\u00eda no localiza al conductor, a\u00fan tiene opciones porque Nueva York es un estado de seguro \u201cno-fault\u201d. Esto significa que puede recurrir a las siguientes coberturas:<\/p>\n\n\n\n<ul class=\"wp-block-list\">\n<li><strong>Protecci\u00f3n contra lesiones personales (PIP):<\/strong> Cubre gastos m\u00e9dicos, salarios perdidos y ciertos costos relacionados con el accidente. Es obligatorio en Nueva York y aplica sin importar qui\u00e9n tuvo la culpa, incluso en accidentes por fuga.<\/li>\n\n\n\n<li><strong>Cobertura contra conductores no asegurados:<\/strong> Paga las lesiones de la v\u00edctima si el conductor culpable no tiene seguro o huye de la escena. Tambi\u00e9n es parte obligatoria de las p\u00f3lizas de autom\u00f3viles en Nueva York.<\/li>\n\n\n\n<li><strong>Cobertura de colisi\u00f3n:<\/strong> Aunque no es obligatoria en Nueva York, ayuda a cubrir reparaciones del veh\u00edculo a\u00fan si el otro conductor se da a la fuga.<\/li>\n<\/ul>\n\n\n\n<h2 class=\"wp-block-heading\" id=\"existen-formas-de-identificar-al-conductor-que-huyo\">\u00bfExisten formas de identificar al conductor que huy\u00f3?<\/h2>\n\n\n\n<p>Puede ser desalentador cuando el responsable causa el accidente y luego huye, pero a\u00fan existen formas de intentar localizarlo. Un abogado de lesiones personales en Syracuse puede ayudar a:<\/p>\n\n\n\n<ul class=\"wp-block-list\">\n<li><strong>Presentar un informe policial:<\/strong> Aunque la polic\u00eda no siempre logre encontrar al conductor, este paso genera un registro oficial del incidente.<\/li>\n\n\n\n<li><strong>Obtener declaraciones de testigos:<\/strong> Si hubo testigos, recoja de inmediato sus nombres, contacto e informaci\u00f3n sobre lo que observaron, como el modelo del veh\u00edculo o caracter\u00edsticas del conductor.<\/li>\n\n\n\n<li><strong>Revisar c\u00e1maras de vigilancia:<\/strong> Syracuse cuenta con numerosas c\u00e1maras de tr\u00e1fico y privadas que podr\u00edan haber captado el accidente. Un abogado puede ayudar a obtener las grabaciones.<\/li>\n\n\n\n<li><strong>Usar grabaciones de dashcam:<\/strong> Cada vez m\u00e1s conductores tienen c\u00e1maras en sus veh\u00edculos. Si usted o alguien cercano la ten\u00eda, ese video puede ser \u00fatil para identificar al culpable.<\/li>\n<\/ul>\n\n\n\n<p>Es fundamental actuar r\u00e1pido: los videos de negocios, particulares o entidades gubernamentales se borran con frecuencia al poco tiempo.<\/p>\n\n\n\n<h2 class=\"wp-block-heading\" id=\"que-ocurre-si-se-localiza-al-conductor\">\u00bfQu\u00e9 ocurre si se localiza al conductor?<\/h2>\n\n\n\n<p>Si la polic\u00eda encuentra al conductor, la v\u00edctima puede reclamar contra su seguro de responsabilidad civil. En Nueva York, los conductores deben tener como m\u00ednimo:<\/p>\n\n\n\n<ul class=\"wp-block-list\">\n<li>$25,000 por lesiones corporales a una persona (sin fallecimiento)<\/li>\n\n\n\n<li>$50,000 por la muerte de una persona<\/li>\n\n\n\n<li>$50,000 por lesiones corporales a dos o m\u00e1s personas (sin fallecimiento)<\/li>\n\n\n\n<li>$100,000 por la muerte de dos o m\u00e1s personas (hasta los l\u00edmites por persona)<\/li>\n<\/ul>\n\n\n\n<p>Sin embargo, muchos conductores huyen porque no tienen seguro o no tienen suficiente para cubrir los da\u00f1os. En ese caso, usted podr\u00eda presentar una demanda de lesiones personales. Las p\u00e9rdidas reclamables incluyen:<\/p>\n\n\n\n<ul class=\"wp-block-list\">\n<li><strong>Facturas m\u00e9dicas:<\/strong> Atenci\u00f3n de urgencias, hospitalizaci\u00f3n, cirug\u00edas, medicamentos, fisioterapia, equipos m\u00e9dicos y necesidades futuras estimadas.<\/li>\n\n\n\n<li><strong>Salarios perdidos y p\u00e9rdida de capacidad de ingresos:<\/strong> Por el tiempo de recuperaci\u00f3n y por cualquier limitaci\u00f3n laboral futura.<\/li>\n\n\n\n<li><strong>Dolor y sufrimiento:<\/strong> Incluye angustia emocional y da\u00f1o psicol\u00f3gico derivado del accidente.<\/li>\n\n\n\n<li><strong>Da\u00f1os punitivos:<\/strong> En casos de conducta particularmente negligente o imprudente, para castigar al infractor.<\/li>\n\n\n\n<li><strong>Da\u00f1os a la propiedad:<\/strong> Compensaci\u00f3n por el veh\u00edculo y bienes da\u00f1ados dentro de \u00e9l.<\/li>\n<\/ul>\n\n\n\n<h2 class=\"wp-block-heading\" id=\"vale-la-pena-demandar-a-un-conductor-sin-seguro\">\u00bfVale la pena demandar a un conductor sin seguro?<\/h2>\n\n\n\n<p>Localizar al conductor no garantiza compensaci\u00f3n. Si carece de seguro o recursos, puede ser dif\u00edcil cobrar una indemnizaci\u00f3n total. Sin embargo, si el conductor posee propiedades o ingresos estables en Syracuse, puede ser posible recuperar al menos parte de sus p\u00e9rdidas. Su abogado revisar\u00e1 a fondo la situaci\u00f3n y le asesorar\u00e1 sobre la mejor forma de proceder.<\/p>\n\n\n\n<h3 class=\"wp-block-heading\">Contacte a nuestro abogado de accidentes por fuga en Syracuse<\/h3>\n\n\n\n<p>Entendemos la ansiedad y la confusi\u00f3n que puede sentir despu\u00e9s de un accidente por fuga. Nuestro bufete est\u00e1 aqu\u00ed para ayudarlo a reducir ese estr\u00e9s y reclamar la compensaci\u00f3n que merece mientras se recupera de sus lesiones. Llame a CDH Law o complete nuestro formulario de contacto en l\u00ednea hoy mismo para obtener m\u00e1s informaci\u00f3n.<\/p>\n","protected":false},"excerpt":{"rendered":"<p>Sufrir un accidente automovil\u00edstico ya es bastante grave. Para empeorar la situaci\u00f3n, en muchos casos el conductor responsable huye de la escena para evadir su responsabilidad. Los accidentes por fuga son ilegales en Nueva York, pero lamentablemente esto no impide que muchos conductores abandonen el lugar de choques graves e incluso mortales. La buena noticia&#8230;<\/p>\n","protected":false},"author":2,"featured_media":0,"parent":1794,"menu_order":0,"comment_status":"closed","ping_status":"closed","template":"","meta":{"_acf_changed":true,"footnotes":""},"tags":[],"class_list":["post-3264","page","type-page","status-publish","hentry"],"acf":[],"yoast_head":"<!-- This site is optimized with the Yoast SEO plugin v27.3 - https:\/\/yoast.com\/product\/yoast-seo-wordpress\/ -->\n<title>Abogado de accidentes por fuga en Syracuse<\/title>\n<meta name=\"description\" content=\"Los accidentes por fuga dejan a las v\u00edctimas heridas, angustiadas y sin saber c\u00f3mo reclamar compensaci\u00f3n. Hable con nuestro bufete de lesiones personales para orientaci\u00f3n legal.\" \/>\n<meta name=\"robots\" content=\"index, follow, max-snippet:-1, max-image-preview:large, max-video-preview:-1\" \/>\n<link rel=\"canonical\" href=\"https:\/\/lawcdh.com\/es\/areas-de-practica\/lesiones-personales\/accidente-automovilistico\/accidente-por-fuga\/\" \/>\n<meta property=\"og:locale\" content=\"es_MX\" \/>\n<meta property=\"og:type\" content=\"article\" \/>\n<meta property=\"og:title\" content=\"Abogado de accidentes por fuga en Syracuse\" \/>\n<meta property=\"og:description\" content=\"Los accidentes por fuga dejan a las v\u00edctimas heridas, angustiadas y sin saber c\u00f3mo reclamar compensaci\u00f3n. Hable con nuestro bufete de lesiones personales para orientaci\u00f3n legal.\" \/>\n<meta property=\"og:url\" content=\"https:\/\/lawcdh.com\/es\/areas-de-practica\/lesiones-personales\/accidente-automovilistico\/accidente-por-fuga\/\" \/>\n<meta property=\"og:site_name\" content=\"CDH Law PLLC ES\" \/>\n<meta property=\"article:modified_time\" content=\"2025-10-19T20:54:57+00:00\" \/>\n<meta name=\"twitter:card\" content=\"summary_large_image\" \/>\n<meta name=\"twitter:label1\" content=\"Est. reading time\" \/>\n\t<meta name=\"twitter:data1\" content=\"4 minutos\" \/>\n<script type=\"application\/ld+json\" class=\"yoast-schema-graph\">{\"@context\":\"https:\\\/\\\/schema.org\",\"@graph\":[{\"@type\":\"WebPage\",\"@id\":\"https:\\\/\\\/lawcdh.com\\\/es\\\/areas-de-practica\\\/lesiones-personales\\\/accidente-automovilistico\\\/accidente-por-fuga\\\/\",\"url\":\"https:\\\/\\\/lawcdh.com\\\/es\\\/areas-de-practica\\\/lesiones-personales\\\/accidente-automovilistico\\\/accidente-por-fuga\\\/\",\"name\":\"Abogado de accidentes por fuga en Syracuse\",\"isPartOf\":{\"@id\":\"https:\\\/\\\/lawcdh.com\\\/es\\\/#website\"},\"datePublished\":\"2025-10-19T20:54:56+00:00\",\"dateModified\":\"2025-10-19T20:54:57+00:00\",\"description\":\"Los accidentes por fuga dejan a las v\u00edctimas heridas, angustiadas y sin saber c\u00f3mo reclamar compensaci\u00f3n. Hable con nuestro bufete de lesiones personales para orientaci\u00f3n legal.\",\"breadcrumb\":{\"@id\":\"https:\\\/\\\/lawcdh.com\\\/es\\\/areas-de-practica\\\/lesiones-personales\\\/accidente-automovilistico\\\/accidente-por-fuga\\\/#breadcrumb\"},\"inLanguage\":\"es\",\"potentialAction\":[{\"@type\":\"ReadAction\",\"target\":[\"https:\\\/\\\/lawcdh.com\\\/es\\\/areas-de-practica\\\/lesiones-personales\\\/accidente-automovilistico\\\/accidente-por-fuga\\\/\"]}]},{\"@type\":\"BreadcrumbList\",\"@id\":\"https:\\\/\\\/lawcdh.com\\\/es\\\/areas-de-practica\\\/lesiones-personales\\\/accidente-automovilistico\\\/accidente-por-fuga\\\/#breadcrumb\",\"itemListElement\":[{\"@type\":\"ListItem\",\"position\":1,\"name\":\"Home\",\"item\":\"https:\\\/\\\/lawcdh.com\\\/es\\\/\"},{\"@type\":\"ListItem\",\"position\":2,\"name\":\"\u00c1reas de Pr\u00e1ctica\",\"item\":\"https:\\\/\\\/lawcdh.com\\\/es\\\/areas-de-practica\\\/\"},{\"@type\":\"ListItem\",\"position\":3,\"name\":\"Lesiones Personales\",\"item\":\"https:\\\/\\\/lawcdh.com\\\/es\\\/areas-de-practica\\\/lesiones-personales\\\/\"},{\"@type\":\"ListItem\",\"position\":4,\"name\":\"Accidente Automovilistico\",\"item\":\"https:\\\/\\\/lawcdh.com\\\/es\\\/areas-de-practica\\\/lesiones-personales\\\/accidente-automovilistico\\\/\"},{\"@type\":\"ListItem\",\"position\":5,\"name\":\"Accidente por fuga\"}]},{\"@type\":\"WebSite\",\"@id\":\"https:\\\/\\\/lawcdh.com\\\/es\\\/#website\",\"url\":\"https:\\\/\\\/lawcdh.com\\\/es\\\/\",\"name\":\"CDH Law PLLC ES\",\"description\":\"\",\"potentialAction\":[{\"@type\":\"SearchAction\",\"target\":{\"@type\":\"EntryPoint\",\"urlTemplate\":\"https:\\\/\\\/lawcdh.com\\\/es\\\/?s={search_term_string}\"},\"query-input\":{\"@type\":\"PropertyValueSpecification\",\"valueRequired\":true,\"valueName\":\"search_term_string\"}}],\"inLanguage\":\"es\"}]}<\/script>\n<!-- \/ Yoast SEO plugin. -->","yoast_head_json":{"title":"Abogado de accidentes por fuga en Syracuse","description":"Los accidentes por fuga dejan a las v\u00edctimas heridas, angustiadas y sin saber c\u00f3mo reclamar compensaci\u00f3n. Hable con nuestro bufete de lesiones personales para orientaci\u00f3n legal.","robots":{"index":"index","follow":"follow","max-snippet":"max-snippet:-1","max-image-preview":"max-image-preview:large","max-video-preview":"max-video-preview:-1"},"canonical":"https:\/\/lawcdh.com\/es\/areas-de-practica\/lesiones-personales\/accidente-automovilistico\/accidente-por-fuga\/","og_locale":"es_MX","og_type":"article","og_title":"Abogado de accidentes por fuga en Syracuse","og_description":"Los accidentes por fuga dejan a las v\u00edctimas heridas, angustiadas y sin saber c\u00f3mo reclamar compensaci\u00f3n. Hable con nuestro bufete de lesiones personales para orientaci\u00f3n legal.","og_url":"https:\/\/lawcdh.com\/es\/areas-de-practica\/lesiones-personales\/accidente-automovilistico\/accidente-por-fuga\/","og_site_name":"CDH Law PLLC ES","article_modified_time":"2025-10-19T20:54:57+00:00","twitter_card":"summary_large_image","twitter_misc":{"Est. reading time":"4 minutos"},"schema":{"@context":"https:\/\/schema.org","@graph":[{"@type":"WebPage","@id":"https:\/\/lawcdh.com\/es\/areas-de-practica\/lesiones-personales\/accidente-automovilistico\/accidente-por-fuga\/","url":"https:\/\/lawcdh.com\/es\/areas-de-practica\/lesiones-personales\/accidente-automovilistico\/accidente-por-fuga\/","name":"Abogado de accidentes por fuga en Syracuse","isPartOf":{"@id":"https:\/\/lawcdh.com\/es\/#website"},"datePublished":"2025-10-19T20:54:56+00:00","dateModified":"2025-10-19T20:54:57+00:00","description":"Los accidentes por fuga dejan a las v\u00edctimas heridas, angustiadas y sin saber c\u00f3mo reclamar compensaci\u00f3n. Hable con nuestro bufete de lesiones personales para orientaci\u00f3n legal.","breadcrumb":{"@id":"https:\/\/lawcdh.com\/es\/areas-de-practica\/lesiones-personales\/accidente-automovilistico\/accidente-por-fuga\/#breadcrumb"},"inLanguage":"es","potentialAction":[{"@type":"ReadAction","target":["https:\/\/lawcdh.com\/es\/areas-de-practica\/lesiones-personales\/accidente-automovilistico\/accidente-por-fuga\/"]}]},{"@type":"BreadcrumbList","@id":"https:\/\/lawcdh.com\/es\/areas-de-practica\/lesiones-personales\/accidente-automovilistico\/accidente-por-fuga\/#breadcrumb","itemListElement":[{"@type":"ListItem","position":1,"name":"Home","item":"https:\/\/lawcdh.com\/es\/"},{"@type":"ListItem","position":2,"name":"\u00c1reas de Pr\u00e1ctica","item":"https:\/\/lawcdh.com\/es\/areas-de-practica\/"},{"@type":"ListItem","position":3,"name":"Lesiones Personales","item":"https:\/\/lawcdh.com\/es\/areas-de-practica\/lesiones-personales\/"},{"@type":"ListItem","position":4,"name":"Accidente Automovilistico","item":"https:\/\/lawcdh.com\/es\/areas-de-practica\/lesiones-personales\/accidente-automovilistico\/"},{"@type":"ListItem","position":5,"name":"Accidente por fuga"}]},{"@type":"WebSite","@id":"https:\/\/lawcdh.com\/es\/#website","url":"https:\/\/lawcdh.com\/es\/","name":"CDH Law PLLC ES","description":"","potentialAction":[{"@type":"SearchAction","target":{"@type":"EntryPoint","urlTemplate":"https:\/\/lawcdh.com\/es\/?s={search_term_string}"},"query-input":{"@type":"PropertyValueSpecification","valueRequired":true,"valueName":"search_term_string"}}],"inLanguage":"es"}]}},"_links":{"self":[{"href":"https:\/\/lawcdh.com\/es\/wp-json\/wp\/v2\/pages\/3264","targetHints":{"allow":["GET"]}}],"collection":[{"href":"https:\/\/lawcdh.com\/es\/wp-json\/wp\/v2\/pages"}],"about":[{"href":"https:\/\/lawcdh.com\/es\/wp-json\/wp\/v2\/types\/page"}],"author":[{"embeddable":true,"href":"https:\/\/lawcdh.com\/es\/wp-json\/wp\/v2\/users\/2"}],"replies":[{"embeddable":true,"href":"https:\/\/lawcdh.com\/es\/wp-json\/wp\/v2\/comments?post=3264"}],"version-history":[{"count":0,"href":"https:\/\/lawcdh.com\/es\/wp-json\/wp\/v2\/pages\/3264\/revisions"}],"up":[{"embeddable":true,"href":"https:\/\/lawcdh.com\/es\/wp-json\/wp\/v2\/pages\/1794"}],"wp:attachment":[{"href":"https:\/\/lawcdh.com\/es\/wp-json\/wp\/v2\/media?parent=3264"}],"wp:term":[{"taxonomy":"post_tag","embeddable":true,"href":"https:\/\/lawcdh.com\/es\/wp-json\/wp\/v2\/tags?post=3264"}],"curies":[{"name":"wp","href":"https:\/\/api.w.org\/{rel}","templated":true}]}}