{"id":942,"date":"2019-01-29T16:04:54","date_gmt":"2019-01-29T16:04:54","guid":{"rendered":"http:\/\/lawcdh.com\/?page_id=829"},"modified":"2024-01-30T18:41:38","modified_gmt":"2024-01-30T18:41:38","slug":"delitos-de-drogas","status":"publish","type":"page","link":"https:\/\/lawcdh.com\/es\/areas-de-practica\/delitos-de-drogas\/","title":{"rendered":"Delitos de Drogas"},"content":{"rendered":"\n<p>Las leyes sobre drogas de Nueva York tienen una bien ganada reputaci\u00f3n de estar entre las m\u00e1s estrictas del pa\u00eds. Si ha sido acusado de un delito de drogas o sustancias controladas en Nueva York, no pierda el tiempo preocup\u00e1ndose: consiga un abogado experto en delitos de drogas de inmediato. Ya sea que haya sido arrestado por posesi\u00f3n, venta o tr\u00e1fico, una condena por un delito de drogas puede afectar negativamente su vida en t\u00e9rminos de educaci\u00f3n u opciones laborales, relaciones, acuerdos de custodia, derechos civiles y libertad f\u00edsica. Sea proactivo y obtenga representaci\u00f3n legal de primer nivel de nuestro <a href=\"https:\/\/lawcdh.com\/es\/areas-de-practica\/defensa-criminal\/\">abogado defensor penal<\/a>.<\/p>\n\n\n\n<p>Si se encuentra en Syracuse, en cualquier parte del condado de Onondaga o en el \u00e1rea circundante del centro de Nueva York, tiene la ventaja de tener f\u00e1cil acceso a uno de los mejores bufetes de abogados especializados en delitos relacionados con drogas del estado: Carden Dotzler Hammond. Adem\u00e1s de tener experiencia en la defensa de personas arrestadas por cargos de drogas, somos negociadores y litigantes altamente competentes. Nuestros abogados responden a sus necesidades particulares y comprenden su dif\u00edcil situaci\u00f3n. Conscientes de lo aterrador que es ser arrestado por un delito grave, lucharemos en\u00e9rgicamente para que sus cargos sean desestimados o reducidos.<\/p>\n\n\n\n<h2 class=\"wp-block-heading\" id=\"definicion-de-delitos-relacionados-con-las-drogas\">Definici\u00f3n de Delitos Relacionados Con Las Drogas<\/h2>\n\n\n\n<p>Adem\u00e1s de las sustancias t\u00edpicas clasificadas como drogas, como la hero\u00edna y la coca\u00edna, la ley del estado de Nueva York incluye los compuestos utilizados para fabricarlas en la misma categor\u00eda. Adem\u00e1s, el marasmo de las leyes sobre drogas de Nueva York es, en el mejor de los casos, confuso. Tratar de analizar y comprender los innumerables delitos y c\u00f3mo se define cada uno es claramente un trabajo para un profesional. Hacer de la defensa antidrogas un proyecto que puede hacer usted mismo es temerario y peligroso. Llame a CDH Law en su lugar.<\/p>\n\n\n\n<h3 class=\"wp-block-heading\">La Ley de Sustancias Controladas (CSA)<\/h3>\n\n\n\n<p>La Ley de Sustancias Controladas es un estatuto federal bajo el cual se regula la fabricaci\u00f3n y distribuci\u00f3n de sustancias controladas como alucin\u00f3genos, narc\u00f3ticos, depresivos y estimulantes. La CSA otorga a la Administraci\u00f3n de Control de Drogas (DEA) el poder de monitorear los usos de sustancias legales e ilegales.<\/p>\n\n\n\n<h3 class=\"wp-block-heading\">Categor\u00edas de Sustancias Controladas Seg\u00fan la Ley Del Estado de Nueva York<\/h3>\n\n\n\n<p>Seg\u00fan la ley del estado de Nueva York hay cinco grados, o listas, seg\u00fan los cuales se clasifican las sustancias controladas, siendo el quinto el menos grave. Los criterios utilizados para determinar c\u00f3mo se deben clasificar los medicamentos son:<\/p>\n\n\n\n<ul class=\"wp-block-list\">\n<li>Potencial de abuso<\/li>\n\n\n\n<li>Informaci\u00f3n cient\u00edfica que describe el efecto farmacol\u00f3gico del f\u00e1rmaco.<\/li>\n\n\n\n<li>Explicaci\u00f3n cient\u00edfica de c\u00f3mo funciona el f\u00e1rmaco.<\/li>\n\n\n\n<li>Patrones hist\u00f3ricos y actuales de abuso<\/li>\n\n\n\n<li>Nivel de riesgo para la salud p\u00fablica.<\/li>\n\n\n\n<li>Riesgo de dependencia de adicci\u00f3n.<\/li>\n<\/ul>\n\n\n\n<p>A continuaci\u00f3n se muestra el programa de clasificaci\u00f3n para algunos f\u00e1rmacos y medicamentos comunes:<\/p>\n\n\n\n<p><strong>Lista I:<\/strong> hero\u00edna, LSD, marihuana, \u00e9xtasis y fentanilo<br><strong>Lista II:<\/strong> Ritalin, Adderall, oxicodona, metadona, coca\u00edna y metanfetamina<br><strong>Lista III:<\/strong> esteroides anab\u00f3licos, testosterona, ketamina, productos con peque\u00f1as cantidades de code\u00edna o hidrocodona por dosis<br><strong>Lista IV:<\/strong> Xanax, Valium, Ambien, Soma y Ativan<br><strong>Lista V:<\/strong> medicamentos para la tos que contienen peque\u00f1as cantidades de code\u00edna, tambi\u00e9n Lyrica, Motofen y Lomotil<\/p>\n\n\n\n<h3 class=\"wp-block-heading\">La Amplia Gama de Delitos Relacionados Con Las Drogas en El Estado de Nueva York<\/h3>\n\n\n\n<p>Si bien las leyes de Nueva York relativas a la posesi\u00f3n de marihuana est\u00e1n cambiando r\u00e1pidamente, otras leyes relacionadas con las drogas siguen siendo estrictas. Actualmente, a menos que se considere que usted posee suficiente marihuana para ser categorizado como vendedor, la condena por posesi\u00f3n solo resultar\u00e1 en una multa. Sin embargo, otras condenas por delitos relacionados con drogas conllevan penas mucho m\u00e1s severas, por lo que es esencial abordar la CDH Law desde el principio.<\/p>\n\n\n\n<p>En el estado de Nueva York se le pueden acusar de muchos delitos relacionados con las drogas, entre ellos:<\/p>\n\n\n\n<ul class=\"wp-block-list\">\n<li>Posesi\u00f3n de drogas<\/li>\n\n\n\n<li>Venta de una sustancia controlada<\/li>\n\n\n\n<li>Tr\u00e1fico de drogas: \u00a0cultivar, producir, transportar, distribuir para la venta<\/li>\n\n\n\n<li>Cargos por narc\u00f3ticos: posesi\u00f3n de drogas clasificadas como las m\u00e1s peligrosas, incluso en peque\u00f1as cantidades<\/li>\n<\/ul>\n\n\n\n<p>Las sanciones por delitos relacionados con drogas var\u00edan seg\u00fan el tipo de droga, la cantidad que se <a href=\"https:\/\/lawcdh.com\/es\/areas-de-practica\/delitos-de-drogas\/posesion-de-drogas\/\">posee<\/a>, el rango de distribuci\u00f3n y sus antecedentes penales. Dependiendo de las circunstancias particulares de su caso, es posible que le impongan una multa de $100 a $100,000 y que tenga que cumplir entre 15 d\u00edas y 20 a\u00f1os de prisi\u00f3n (o incluso m\u00e1s si ha sido declarado culpable de un delito grave en el pasado). . No importa cu\u00e1n grave o menor sea su delito, es esencial que cuente con un abogado especializado en delitos de drogas que lo apoye y proteja sus derechos, su reputaci\u00f3n, su estabilidad financiera y su libertad.<\/p>\n\n\n\n<h3 class=\"wp-block-heading\">Datos Importantes Sobre la Condena<\/h3>\n\n\n\n<p>Para condenar a alguien por venta, la fiscal\u00eda debe probar que el acusado vendi\u00f3 ilegalmente el producto sabiendo que era una sustancia controlada y con la intenci\u00f3n espec\u00edfica y la capacidad presente de transferir la sustancia al comprador. Es importante destacar que no es necesario que el acusado est\u00e9 en posesi\u00f3n f\u00edsica de la sustancia controlada en el momento del arresto, ni haya entregado el producto a un comprador para ser condenado, siempre que la intenci\u00f3n y la capacidad sean demostrables. Cabe se\u00f1alar que compartir medicamentos recetados, incluso sin que el dinero cambie de manos, tambi\u00e9n es ilegal.<\/p>\n\n\n\n<p>Adem\u00e1s, si posee m\u00e1s de cierta cantidad de una droga o sustancia controlada, las autoridades pueden acusarlo de \u201cintenci\u00f3n de vender\u201d, ya sea que tuviera esa intenci\u00f3n o no. Existen leyes federales y estatales que pueden afectar el resultado de su caso, incluidos m\u00ednimos obligatorios para ciertos delitos relacionados con drogas, como tr\u00e1fico de drogas, venta de drogas cerca de una escuela o venta intencional de drogas a una persona menor de 21 a\u00f1os o a un mujer embarazada. El tr\u00e1fico de drogas en posesi\u00f3n o uso de un arma tambi\u00e9n puede activar leyes m\u00ednimas obligatorias estatales o federales.<\/p>\n\n\n\n<h4 class=\"wp-block-heading\"><strong>P\u00f3ngase en Contacto Con Nuestro Abogado de Delitos de Drogas en Syracuse<\/strong><\/h4>\n\n\n<div class=\"wp-block-image\">\n<figure class=\"alignright is-resized\"><a href=\"\/contact\/\"><img loading=\"lazy\" decoding=\"async\" width=\"630\" height=\"872\" src=\"https:\/\/lawcdh.com\/es\/wp-content\/uploads\/sites\/2\/2019\/02\/logo-emblem@4x-1.png\" alt=\"Logo for CDH Law \" class=\"wp-image-1040\" style=\"width:189px;height:auto\"><\/a><\/figure><\/div>\n\n\n<p>En CDH Law, somos muy conscientes de lo devastadora que puede ser una condena por un delito de drogas. Trabajaremos vigorosamente para defenderlo incluso del procesamiento m\u00e1s en\u00e9rgico. Teniendo un excelente historial de \u00e9xito en este campo, hemos probado y probado m\u00e9todos de defensa. Estos incluyen argumentar que usted no sab\u00eda que ten\u00eda una droga en su poder, falta de intenci\u00f3n de distribuir esa droga o posesi\u00f3n de la droga descubierta solo para uso personal. Si es menor de 16 a\u00f1os, podemos argumentar \u201cinfancia\u201d, un t\u00e9rmino legal que significa que el acusado no es penalmente responsable porque no ha alcanzado la edad de responsabilidad penal.<\/p>\n\n\n\n<p>Por encima de todo, nuestros abogados especializados en delitos relacionados con drogas son pensadores creativos y negociadores \u00e1giles que a menudo tienen la capacidad de encontrar soluciones innovadoras a sus problemas legales. M\u00e1s all\u00e1 de nuestra destreza profesional, somos personas solidarias que queremos lo mejor para usted. Siempre trabajamos bajo el supuesto de que usted es inocente hasta que se demuestre lo contrario. Nada nos har\u00eda m\u00e1s felices que sacarlo de sus dificultades legales y convertirlo en uno de nuestros clientes satisfechos. Nos pueden contactar a trav\u00e9s de un <a href=\"\/es\/contacto\/\">formulario de contacto en nuestro sitio web<\/a>, por correo electr\u00f3nico o por tel\u00e9fono.<\/p>\n\n\n\n<p><em><strong>Carden Dotzler Hammond, PLLC representa a clientes en Syracuse y en las siguientes ciudades y pueblos del condado de Onondaga: Camillus, Cicero, Clay, Dewitt, Elbridge, Geddes, Manlius, Marcellus, Onondaga, Salina, Skaneateles, Baldwinsville, East Syracuse, Fayetteville, Liverpool , Norte de Siracusa y Solvay<\/strong><\/em><\/p>\n\n\n\n<p><em>Contratar a un abogado es una decisi\u00f3n importante que no debe basarse \u00fanicamente en la publicidad. La informaci\u00f3n que usted obtiene en este sitio no es ni pretende ser asesoramiento legal. Debe consultar a un abogado para obtener asesoramiento sobre su situaci\u00f3n individual.<\/em><\/p>\n","protected":false},"excerpt":{"rendered":"<p>Las leyes sobre drogas de Nueva York tienen una bien ganada reputaci\u00f3n de estar entre las m\u00e1s estrictas del pa\u00eds. Si ha sido acusado de un delito de drogas o sustancias controladas en Nueva York, no pierda el tiempo preocup\u00e1ndose: consiga un abogado experto en delitos de drogas de inmediato. Ya sea que haya sido&#8230;<\/p>\n","protected":false},"author":17,"featured_media":1006,"parent":487,"menu_order":0,"comment_status":"closed","ping_status":"closed","template":"","meta":{"_acf_changed":false,"footnotes":""},"tags":[],"class_list":["post-942","page","type-page","status-publish","has-post-thumbnail","hentry"],"acf":[],"yoast_head":"<!-- This site is optimized with the Yoast SEO plugin v27.4 - https:\/\/yoast.com\/product\/yoast-seo-wordpress\/ -->\n<title>Abogados de Delitos de Drogas en Syracuse y el Centro de NY<\/title>\n<meta name=\"description\" content=\"Si ha sido arrestado por un delito de drogas, comun\u00edquese con nuestro abogado especializado en delitos de drogas ubicado en Syracuse.\" \/>\n<meta name=\"robots\" content=\"index, follow, max-snippet:-1, max-image-preview:large, max-video-preview:-1\" \/>\n<link rel=\"canonical\" href=\"https:\/\/lawcdh.com\/es\/areas-de-practica\/delitos-de-drogas\/\" \/>\n<meta property=\"og:locale\" content=\"es_MX\" \/>\n<meta property=\"og:type\" content=\"article\" \/>\n<meta property=\"og:title\" content=\"Abogados de Delitos de Drogas en Syracuse y el Centro de NY\" \/>\n<meta property=\"og:description\" content=\"Si ha sido arrestado por un delito de drogas, comun\u00edquese con nuestro abogado especializado en delitos de drogas ubicado en Syracuse.\" \/>\n<meta property=\"og:url\" content=\"https:\/\/lawcdh.com\/es\/areas-de-practica\/delitos-de-drogas\/\" \/>\n<meta property=\"og:site_name\" content=\"CDH Law PLLC ES\" \/>\n<meta property=\"article:modified_time\" content=\"2024-01-30T18:41:38+00:00\" \/>\n<meta property=\"og:image\" content=\"https:\/\/lawcdh.com\/es\/wp-content\/uploads\/sites\/2\/2019\/02\/Drug-pills-1-1.jpg\" \/>\n\t<meta property=\"og:image:width\" content=\"700\" \/>\n\t<meta property=\"og:image:height\" content=\"380\" \/>\n\t<meta property=\"og:image:type\" content=\"image\/jpeg\" \/>\n<meta name=\"twitter:card\" content=\"summary_large_image\" \/>\n<meta name=\"twitter:label1\" content=\"Est. reading time\" \/>\n\t<meta name=\"twitter:data1\" content=\"7 minutos\" \/>\n<script type=\"application\/ld+json\" class=\"yoast-schema-graph\">{\"@context\":\"https:\\\/\\\/schema.org\",\"@graph\":[{\"@type\":\"WebPage\",\"@id\":\"https:\\\/\\\/lawcdh.com\\\/es\\\/areas-de-practica\\\/delitos-de-drogas\\\/\",\"url\":\"https:\\\/\\\/lawcdh.com\\\/es\\\/areas-de-practica\\\/delitos-de-drogas\\\/\",\"name\":\"Abogados de Delitos de Drogas en Syracuse y el Centro de NY\",\"isPartOf\":{\"@id\":\"https:\\\/\\\/lawcdh.com\\\/es\\\/#website\"},\"primaryImageOfPage\":{\"@id\":\"https:\\\/\\\/lawcdh.com\\\/es\\\/areas-de-practica\\\/delitos-de-drogas\\\/#primaryimage\"},\"image\":{\"@id\":\"https:\\\/\\\/lawcdh.com\\\/es\\\/areas-de-practica\\\/delitos-de-drogas\\\/#primaryimage\"},\"thumbnailUrl\":\"https:\\\/\\\/lawcdh.com\\\/es\\\/wp-content\\\/uploads\\\/sites\\\/2\\\/2019\\\/02\\\/Drug-pills-1-1.jpg\",\"datePublished\":\"2019-01-29T16:04:54+00:00\",\"dateModified\":\"2024-01-30T18:41:38+00:00\",\"description\":\"Si ha sido arrestado por un delito de drogas, comun\u00edquese con nuestro abogado especializado en delitos de drogas ubicado en Syracuse.\",\"breadcrumb\":{\"@id\":\"https:\\\/\\\/lawcdh.com\\\/es\\\/areas-de-practica\\\/delitos-de-drogas\\\/#breadcrumb\"},\"inLanguage\":\"es\",\"potentialAction\":[{\"@type\":\"ReadAction\",\"target\":[\"https:\\\/\\\/lawcdh.com\\\/es\\\/areas-de-practica\\\/delitos-de-drogas\\\/\"]}]},{\"@type\":\"ImageObject\",\"inLanguage\":\"es\",\"@id\":\"https:\\\/\\\/lawcdh.com\\\/es\\\/areas-de-practica\\\/delitos-de-drogas\\\/#primaryimage\",\"url\":\"https:\\\/\\\/lawcdh.com\\\/es\\\/wp-content\\\/uploads\\\/sites\\\/2\\\/2019\\\/02\\\/Drug-pills-1-1.jpg\",\"contentUrl\":\"https:\\\/\\\/lawcdh.com\\\/es\\\/wp-content\\\/uploads\\\/sites\\\/2\\\/2019\\\/02\\\/Drug-pills-1-1.jpg\",\"width\":700,\"height\":380,\"caption\":\"Spilled pill bottle with blurred pill bottles in the background\"},{\"@type\":\"BreadcrumbList\",\"@id\":\"https:\\\/\\\/lawcdh.com\\\/es\\\/areas-de-practica\\\/delitos-de-drogas\\\/#breadcrumb\",\"itemListElement\":[{\"@type\":\"ListItem\",\"position\":1,\"name\":\"Home\",\"item\":\"https:\\\/\\\/lawcdh.com\\\/es\\\/\"},{\"@type\":\"ListItem\",\"position\":2,\"name\":\"\u00c1reas de Pr\u00e1ctica\",\"item\":\"https:\\\/\\\/lawcdh.com\\\/es\\\/areas-de-practica\\\/\"},{\"@type\":\"ListItem\",\"position\":3,\"name\":\"Delitos de Drogas\"}]},{\"@type\":\"WebSite\",\"@id\":\"https:\\\/\\\/lawcdh.com\\\/es\\\/#website\",\"url\":\"https:\\\/\\\/lawcdh.com\\\/es\\\/\",\"name\":\"CDH Law PLLC ES\",\"description\":\"\",\"potentialAction\":[{\"@type\":\"SearchAction\",\"target\":{\"@type\":\"EntryPoint\",\"urlTemplate\":\"https:\\\/\\\/lawcdh.com\\\/es\\\/?s={search_term_string}\"},\"query-input\":{\"@type\":\"PropertyValueSpecification\",\"valueRequired\":true,\"valueName\":\"search_term_string\"}}],\"inLanguage\":\"es\"}]}<\/script>\n<!-- \/ Yoast SEO plugin. -->","yoast_head_json":{"title":"Abogados de Delitos de Drogas en Syracuse y el Centro de NY","description":"Si ha sido arrestado por un delito de drogas, comun\u00edquese con nuestro abogado especializado en delitos de drogas ubicado en Syracuse.","robots":{"index":"index","follow":"follow","max-snippet":"max-snippet:-1","max-image-preview":"max-image-preview:large","max-video-preview":"max-video-preview:-1"},"canonical":"https:\/\/lawcdh.com\/es\/areas-de-practica\/delitos-de-drogas\/","og_locale":"es_MX","og_type":"article","og_title":"Abogados de Delitos de Drogas en Syracuse y el Centro de NY","og_description":"Si ha sido arrestado por un delito de drogas, comun\u00edquese con nuestro abogado especializado en delitos de drogas ubicado en Syracuse.","og_url":"https:\/\/lawcdh.com\/es\/areas-de-practica\/delitos-de-drogas\/","og_site_name":"CDH Law PLLC ES","article_modified_time":"2024-01-30T18:41:38+00:00","og_image":[{"width":700,"height":380,"url":"https:\/\/lawcdh.com\/es\/wp-content\/uploads\/sites\/2\/2019\/02\/Drug-pills-1-1.jpg","type":"image\/jpeg"}],"twitter_card":"summary_large_image","twitter_misc":{"Est. reading time":"7 minutos"},"schema":{"@context":"https:\/\/schema.org","@graph":[{"@type":"WebPage","@id":"https:\/\/lawcdh.com\/es\/areas-de-practica\/delitos-de-drogas\/","url":"https:\/\/lawcdh.com\/es\/areas-de-practica\/delitos-de-drogas\/","name":"Abogados de Delitos de Drogas en Syracuse y el Centro de NY","isPartOf":{"@id":"https:\/\/lawcdh.com\/es\/#website"},"primaryImageOfPage":{"@id":"https:\/\/lawcdh.com\/es\/areas-de-practica\/delitos-de-drogas\/#primaryimage"},"image":{"@id":"https:\/\/lawcdh.com\/es\/areas-de-practica\/delitos-de-drogas\/#primaryimage"},"thumbnailUrl":"https:\/\/lawcdh.com\/es\/wp-content\/uploads\/sites\/2\/2019\/02\/Drug-pills-1-1.jpg","datePublished":"2019-01-29T16:04:54+00:00","dateModified":"2024-01-30T18:41:38+00:00","description":"Si ha sido arrestado por un delito de drogas, comun\u00edquese con nuestro abogado especializado en delitos de drogas ubicado en Syracuse.","breadcrumb":{"@id":"https:\/\/lawcdh.com\/es\/areas-de-practica\/delitos-de-drogas\/#breadcrumb"},"inLanguage":"es","potentialAction":[{"@type":"ReadAction","target":["https:\/\/lawcdh.com\/es\/areas-de-practica\/delitos-de-drogas\/"]}]},{"@type":"ImageObject","inLanguage":"es","@id":"https:\/\/lawcdh.com\/es\/areas-de-practica\/delitos-de-drogas\/#primaryimage","url":"https:\/\/lawcdh.com\/es\/wp-content\/uploads\/sites\/2\/2019\/02\/Drug-pills-1-1.jpg","contentUrl":"https:\/\/lawcdh.com\/es\/wp-content\/uploads\/sites\/2\/2019\/02\/Drug-pills-1-1.jpg","width":700,"height":380,"caption":"Spilled pill bottle with blurred pill bottles in the background"},{"@type":"BreadcrumbList","@id":"https:\/\/lawcdh.com\/es\/areas-de-practica\/delitos-de-drogas\/#breadcrumb","itemListElement":[{"@type":"ListItem","position":1,"name":"Home","item":"https:\/\/lawcdh.com\/es\/"},{"@type":"ListItem","position":2,"name":"\u00c1reas de Pr\u00e1ctica","item":"https:\/\/lawcdh.com\/es\/areas-de-practica\/"},{"@type":"ListItem","position":3,"name":"Delitos de Drogas"}]},{"@type":"WebSite","@id":"https:\/\/lawcdh.com\/es\/#website","url":"https:\/\/lawcdh.com\/es\/","name":"CDH Law PLLC ES","description":"","potentialAction":[{"@type":"SearchAction","target":{"@type":"EntryPoint","urlTemplate":"https:\/\/lawcdh.com\/es\/?s={search_term_string}"},"query-input":{"@type":"PropertyValueSpecification","valueRequired":true,"valueName":"search_term_string"}}],"inLanguage":"es"}]}},"_links":{"self":[{"href":"https:\/\/lawcdh.com\/es\/wp-json\/wp\/v2\/pages\/942","targetHints":{"allow":["GET"]}}],"collection":[{"href":"https:\/\/lawcdh.com\/es\/wp-json\/wp\/v2\/pages"}],"about":[{"href":"https:\/\/lawcdh.com\/es\/wp-json\/wp\/v2\/types\/page"}],"author":[{"embeddable":true,"href":"https:\/\/lawcdh.com\/es\/wp-json\/wp\/v2\/users\/17"}],"replies":[{"embeddable":true,"href":"https:\/\/lawcdh.com\/es\/wp-json\/wp\/v2\/comments?post=942"}],"version-history":[{"count":0,"href":"https:\/\/lawcdh.com\/es\/wp-json\/wp\/v2\/pages\/942\/revisions"}],"up":[{"embeddable":true,"href":"https:\/\/lawcdh.com\/es\/wp-json\/wp\/v2\/pages\/487"}],"wp:featuredmedia":[{"embeddable":true,"href":"https:\/\/lawcdh.com\/es\/wp-json\/wp\/v2\/media\/1006"}],"wp:attachment":[{"href":"https:\/\/lawcdh.com\/es\/wp-json\/wp\/v2\/media?parent=942"}],"wp:term":[{"taxonomy":"post_tag","embeddable":true,"href":"https:\/\/lawcdh.com\/es\/wp-json\/wp\/v2\/tags?post=942"}],"curies":[{"name":"wp","href":"https:\/\/api.w.org\/{rel}","templated":true}]}}