{"id":943,"date":"2019-01-29T16:27:25","date_gmt":"2019-01-29T16:27:25","guid":{"rendered":"http:\/\/lawcdh.com\/?page_id=830"},"modified":"2024-03-05T20:10:47","modified_gmt":"2024-03-05T20:10:47","slug":"dwi","status":"publish","type":"page","link":"https:\/\/lawcdh.com\/es\/areas-de-practica\/dwi\/","title":{"rendered":"Conducir en Estado de Ebriedad (DWI)"},"content":{"rendered":"\n<p>Aunque los delitos de conducir en estado de ebriedad (DWI) y conducir con capacidades disminuidas (DWAI) han disminuido en el estado de Nueva York durante los \u00faltimos a\u00f1os, el riesgo que representan tales delitos sigue siendo grande y las autoridades contin\u00faan tomando medidas en\u00e9rgicas contra quienes beben y conducen. Adem\u00e1s de estar alerta ante conductores imprudentes y comprobar con frecuencia el nivel de alcohol en sangre de las personas que han sufrido accidentes de tr\u00e1nsito, la polic\u00eda estableci\u00f3 puntos de control aleatorios a lo largo de nuestras carreteras para detectar a quienes conducen en estado de ebriedad. Debido a la mayor conciencia sobre los accidentes relacionados con el alcohol que resultan en lesiones catastr\u00f3ficas y muertes, a menudo entre ni\u00f1os o adolescentes, el p\u00fablico es mucho menos indulgente con los delitos de DWI y DWAI que antes, y esta intolerancia se extiende al sistema judicial.<\/p>\n\n\n\n<p>Si ha sido arrestado por un delito de conducci\u00f3n relacionado con el alcohol, tiene motivos para estar seriamente preocupado. Una condena por un delito de este tipo, especialmente si ha estado en un accidente con lesiones reportadas, puede cambiar el curso de su vida. Adicionalmente, para personas que no son ciudadanas de Estados Unidos, un arresto o condena por DWI o DWAI, puede tener graves consecuencias migratorias. Es por eso que lo primero que debe hacer una vez arrestado es llamar a un abogado defensor de DWI. Cuanto antes traiga a la escena a un abogado defensor experto, m\u00e1s probabilidades tendr\u00e1 de ganar su caso.<\/p>\n\n\n\n<p>Si se encuentra en Syracuse, el condado de Onondaga o en las \u00e1reas circundantes del centro de Nueva York, lo mejor que puede hacer es comunicarse con <a href=\"https:\/\/lawcdh.com\/es\/\">Carden Dotzler Hammond, PLLC<\/a>. Nuestros abogados tienen mucha experiencia y un historial de resultados exitosos, tanto dentro como fuera de la sala del tribunal. Adem\u00e1s, todos somos muy respetados entre nuestros pares. Adicionalmente, nuestros abogados son conscientes de las posibles consecuencias migratorias de un DWI o DWAI. Todos tenemos excelentes calificaciones y rese\u00f1as de Avvo y Google y dos miembros de nuestro equipo tienen premios S\u00faper Abogados.<\/p>\n\n\n\n<p>Dedicados a nuestros clientes, siempre nos mantenemos firmes en el principio de que toda persona acusada de cometer un delito es &#8220;inocente hasta que se demuestre lo contrario&#8221;. No s\u00f3lo tenemos un amplio conocimiento de las leyes federales, estatales y locales; pero tambi\u00e9n tenemos un profundo conocimiento de estrategias viables para lograr que se desestimen los cargos en su contra. Incluso en los casos en los que la evidencia lo hace imposible, somos expertos en negociar acuerdos de culpabilidad que resultar\u00e1n en cargos menores y castigos m\u00e1s leves.<\/p>\n\n\n\n<h2 class=\"wp-block-heading\" id=\"infracciones-comunes-de-conduccion-relacionadas-con-el-alcohol-y-dwi\">Infracciones comunes de conducci\u00f3n relacionadas con el alcohol y DWI<\/h2>\n\n\n\n<p>Hay muchos delitos distintos de los que se le pueden acusar. \u00c9stas incluyen:<\/p>\n\n\n\n<ul class=\"wp-block-list\">\n<li><strong>DWAI (Conducir con capacidades disminuidas)<\/strong>: Esta infracci\u00f3n de tr\u00e1nsito (Ley de tr\u00e1nsito y veh\u00edculos, secci\u00f3n 1192.1) establece que usted estaba operando un veh\u00edculo motorizado mientras su capacidad para hacerlo est\u00e1 &#8220;debilitada por el consumo de alcohol&#8221;. Dependiendo de las circunstancias, es posible que podamos negociar un acuerdo de culpabilidad para llegar a este delito menor si originalmente fue acusado de DWI. Dado que DWAI es s\u00f3lo una infracci\u00f3n de tr\u00e1fico, no da lugar a antecedentes penales.<\/li>\n\n\n\n<li><strong>DWI Per Se<\/strong>: Este delito menor ((VTL 1192.2)\u00a0establece que usted estaba operando un veh\u00edculo motorizado con un contenido de alcohol en sangre (BAC) de .08 o m\u00e1s, verificado mediante un an\u00e1lisis de aliento, orina o sangre.<\/li>\n\n\n\n<li><strong>DWI<\/strong>: Este delito menor (VTL 1192.3), a menudo denominado &#8220;DWI de derecho com\u00fan&#8221;, es el delito de conducci\u00f3n en estado de ebriedad m\u00e1s com\u00fanmente acusado. La polic\u00eda puede acusarlo de este delito sin realizar una prueba de su BAC siempre que tenga motivos para creer que est\u00e1 \u201cconduciendo un veh\u00edculo motorizado en estado de ebriedad\u201d. Usted puede ser arrestado por este delito bas\u00e1ndose \u00fanicamente en la observaci\u00f3n y el testimonio de un oficial de que &#8220;estaba tropez\u00e1ndose&#8221;, ten\u00eda &#8220;los ojos inyectados en sangre&#8221;, &#8220;arrastraba las palabras&#8221; y\/o &#8220;ol\u00eda a bebidas alcoh\u00f3licas&#8221;.<\/li>\n\n\n\n<li><strong>DWI agravado<\/strong>: Aunque tambi\u00e9n se considera un delito menor (VTL 1192.2-a(a)), DWI agravado es m\u00e1s serio, ya que se le acusa de un nivel mucho mayor de alcohol en la sangre: 0.18 por ciento o m\u00e1s.<\/li>\n\n\n\n<li><strong>DWI agravado con un ni\u00f1o: conducir en estado de ebriedad con un ni\u00f1o en el autom\u00f3vil<\/strong> (VTL 1192.2-a(b)) lo lleva al territorio peligroso de ser acusado de un delito grave. Este cargo, tambi\u00e9n conocido como \u201cLey de Leandra\u201d, lo acusa de tener un pasajero de 15 a\u00f1os o menor en su autom\u00f3vil. Aunque todos los cargos de DWI son graves, \u00e9ste se encuentra entre los m\u00e1s graves y est\u00e1 designado como delito grave de Clase E.<\/li>\n\n\n\n<li><strong>Drogas DWAI:<\/strong> A\u00fan considerado un delito menor (VTL 1192.4), \u00e9ste se traslada al \u00e1rea del abuso de drogas, en lugar del abuso de alcohol. Operar un veh\u00edculo motorizado mientras est\u00e1 \u201cefectuado por el uso de una droga\u201d puede referirse a una droga ilegal, como coca\u00edna o hero\u00edna, o puede referirse a un medicamento recetado legalmente, como un tranquilizante, una pastilla para dormir o un analg\u00e9sico. Adicionalmente, DWAI puede ser acusado al usar marihuana, ya que el cannabis es legal en el estado de Nueva York, pero no est\u00e1 permitido su consumo con la conducci\u00f3n de un veh\u00edculo. <\/li>\n\n\n\n<li><strong>Delito grave de DWI<\/strong>: Como en otras \u00e1reas de la ley, los delitos reincidentes se consideran cada vez peores a medida que el acusado repite una conducta criminal pasada. Si ha sido condenado por un delito de DWI en los \u00faltimos 10 a\u00f1os, cualquier nuevo cargo de DWI se considerar\u00e1 un delito grave.<\/li>\n<\/ul>\n\n\n\n<h3 class=\"wp-block-heading\">Defensa DWI y DWAI<\/h3>\n\n\n\n<p>Si ha sido arrestado por un delito de DWI o DWAI en el centro de Nueva York, le tranquilizar\u00e1 saber que los capacitados abogados defensores de DWI de CDH Law tienen muchas t\u00e1cticas legales probadas y verdaderas para usar en su defensa. Somos muy conscientes de las graves consecuencias que le esperan si no cuenta con un asesor legal competente, y usted tambi\u00e9n deber\u00eda tenerlo.<\/p>\n\n\n\n<h3 class=\"wp-block-heading\">Consecuencias de una condena por DWI<\/h3>\n\n\n\n<p>Si lo declaran culpable de un delito de DWI, seg\u00fan las circunstancias, puede enfrentar:<\/p>\n\n\n\n<ul class=\"wp-block-list\">\n<li>Fuertes multas, recargos y tarifas por los programas de tratamiento requeridos<\/li>\n\n\n\n<li>Encarcelamiento (hasta 2 o 3 a\u00f1os), m\u00e1s si ha cometido otros delitos tambi\u00e9n<\/li>\n\n\n\n<li>Licencia suspendida (o p\u00e9rdida del privilegio de conducir en Nueva York si su licencia es de otro estado)<\/li>\n\n\n\n<li>Licencia revocada<\/li>\n\n\n\n<li>Una evaluaci\u00f3n realizada por un Consejero de Abuso de Sustancias aprobado por el estado de Nueva York y\/o participaci\u00f3n en un tratamiento de abuso de alcohol o sustancias, un Programa de Conductores Incapacitados o un Panel de Impacto a las V\u00edctimas.<\/li>\n\n\n\n<li>P\u00e9rdida de su licencia de conducir comercial<\/li>\n\n\n\n<li>P\u00e9rdida de empleo<\/li>\n\n\n\n<li>P\u00e9rdida del permiso de pistola.<\/li>\n\n\n\n<li>P\u00e9rdida de licencia profesional.<\/li>\n\n\n\n<li>Repercusiones militares si est\u00e1s en el servicio.<\/li>\n\n\n\n<li>Responsabilidad civil por lesiones o da\u00f1os a la propiedad que usted haya causado.<\/li>\n\n\n\n<li>P\u00e9rdida de la custodia de los hijos.<\/li>\n\n\n\n<li>Consecuencias migratorias. <\/li>\n<\/ul>\n\n\n\n<h3 class=\"wp-block-heading\">Cuanto antes nos llame, antes podr\u00e1 ayudarle nuestro abogado de DWI<\/h3>\n\n\n\n<p>Los abogados defensores de DWI de CDH Law est\u00e1n listos para luchar por sus derechos tan pronto como contrate nuestros servicios. Sabemos exactamente c\u00f3mo investigar obteniendo todos los registros pertinentes de la polic\u00eda y, si es necesario, del personal m\u00e9dico, as\u00ed como c\u00f3mo recopilar testimonios de testigos. Nuestro objetivo, incluso antes de elaborar una estrategia para ganar su caso, es conseguir que salga de la c\u00e1rcel lo antes posible para aliviar su estr\u00e9s y aclarar su mente para que pueda ayudar en su defensa.<\/p>\n\n\n\n<p>Aunque su licencia ser\u00e1 suspendida en el momento de su arresto por DWI, es posible que podamos argumentar con \u00e9xito que cumple con los criterios para una &#8220;licencia por dificultades econ\u00f3micas&#8221;. Esta licencia le permitir\u00e1 conducir para fines esenciales, como conservar su empleo, asistir a la escuela o asistir a las citas m\u00e9dicas necesarias. Una vez que su licencia por dificultades econ\u00f3micas haya estado vigente durante 30 d\u00edas, podemos ayudarlo a solicitar una \u201clicencia condicional\u201d previa a la condena. Esta licencia no solo le permitir\u00e1 conducir al trabajo, la escuela, la corte y las citas m\u00e9dicas, sino que tambi\u00e9n le dar\u00e1 3 horas semanales para hacer los recados necesarios.<\/p>\n\n\n\n<h3 class=\"wp-block-heading\">Es posible que podamos devolverlo a la carretera r\u00e1pidamente<\/h3>\n\n\n\n<p>Si lo condenan por un delito de DWI, el tiempo que la suspensi\u00f3n o revocaci\u00f3n de su licencia permanecer\u00e1 vigente depender\u00e1 del delito particular por el que haya sido condenado. Si no ha tenido otro DWI\/DWAI en su registro durante al menos 5 a\u00f1os, puede ser elegible para una licencia condicional \u201cposterior a la condena\u201d, siempre y cuando est\u00e9 inscrito en el Programa para conductores ebrios (anteriormente conocido como Programa para conductores ebrios). Programa, o \u201cDDP\u201d).<\/p>\n\n\n\n<h4 class=\"wp-block-heading\"><strong>Ley CDH: los abogados defensores de DWI con los que puede contar<\/strong><\/h4>\n\n\n<div class=\"wp-block-image\">\n<figure class=\"alignright is-resized\"><img loading=\"lazy\" decoding=\"async\" width=\"630\" height=\"872\" src=\"https:\/\/lawcdh.com\/es\/wp-content\/uploads\/sites\/2\/2019\/02\/logo-emblem@4x-1.png\" alt=\"Logo for CDH Law \" class=\"wp-image-1040\" style=\"width:195px;height:auto\"><\/figure>\n<\/div>\n\n\n<p>Ser arrestado por DWI o DWAI puede ser una experiencia muy aterradora. Cuando se comunica con nuestro equipo por tel\u00e9fono o completando uno de los <a href=\"\/es\/contacto\/\">formularios en nuestro sitio web<\/a>, se est\u00e1 comunicando con abogados que tienen una reputaci\u00f3n bien ganada por sus s\u00f3lidas habilidades y agilidad legal. Estaremos a su lado pase lo que pase, trabajando arduamente para defenderlo de los graves cargos que enfrenta. Presionaremos con fuerza para obtener una absoluci\u00f3n o, si eso no es posible, negociaremos un acuerdo de culpabilidad que funcione a su favor.<\/p>\n\n\n\n<p><strong><em>Carden Dotzler Hammond, PLLC representa a clientes en el centro de Nueva York, Syracuse, el condado de Monroe, el condado de Jefferson, el condado de Oswego, el condado de Ontario y el condado de Onondaga, incluidos los pueblos y aldeas de Camillus, Cicero, Clay, Dewitt, Elbridge, Geddes, Manlius, Marcellus, Onondaga, Salina, Skaneateles, Baldwinsville, East Syracuse, Fayetteville, Liverpool, North Syracuse y Solvay.<\/em><\/strong><\/p>\n","protected":false},"excerpt":{"rendered":"<p>Aunque los delitos de conducir en estado de ebriedad (DWI) y conducir con capacidades disminuidas (DWAI) han disminuido en el estado de Nueva York durante los \u00faltimos a\u00f1os, el riesgo que representan tales delitos sigue siendo grande y las autoridades contin\u00faan tomando medidas en\u00e9rgicas contra quienes beben y conducen. Adem\u00e1s de estar alerta ante conductores&#8230;<\/p>\n","protected":false},"author":17,"featured_media":868,"parent":487,"menu_order":0,"comment_status":"closed","ping_status":"closed","template":"","meta":{"_acf_changed":false,"footnotes":""},"tags":[],"class_list":["post-943","page","type-page","status-publish","has-post-thumbnail","hentry"],"acf":[],"yoast_head":"<!-- This site is optimized with the Yoast SEO plugin v27.6 - https:\/\/yoast.com\/product\/yoast-seo-wordpress\/ -->\n<title>Abogado de DWI en Syracuse | Abogado de DWI Por Delito Grave<\/title>\n<meta name=\"description\" content=\"Nuestros abogados tienen la experiencia para defenderlo contra cargos de DWI en Syracuse. Cont\u00e1ctenos para hablar con nuestros abogados.\" \/>\n<meta name=\"robots\" content=\"index, follow, max-snippet:-1, max-image-preview:large, max-video-preview:-1\" \/>\n<link rel=\"canonical\" href=\"https:\/\/lawcdh.com\/es\/areas-de-practica\/dwi\/\" \/>\n<meta property=\"og:locale\" content=\"es_MX\" \/>\n<meta property=\"og:type\" content=\"article\" \/>\n<meta property=\"og:title\" content=\"Abogado de DWI en Syracuse | Abogado de DWI Por Delito Grave\" \/>\n<meta property=\"og:description\" content=\"Nuestros abogados tienen la experiencia para defenderlo contra cargos de DWI en Syracuse. Cont\u00e1ctenos para hablar con nuestros abogados.\" \/>\n<meta property=\"og:url\" content=\"https:\/\/lawcdh.com\/es\/areas-de-practica\/dwi\/\" \/>\n<meta property=\"og:site_name\" content=\"CDH Law PLLC ES\" \/>\n<meta property=\"article:modified_time\" content=\"2024-03-05T20:10:47+00:00\" \/>\n<meta property=\"og:image\" content=\"https:\/\/lawcdh.com\/es\/wp-content\/uploads\/sites\/2\/2019\/01\/dwi-1.jpg\" \/>\n\t<meta property=\"og:image:width\" content=\"700\" \/>\n\t<meta property=\"og:image:height\" content=\"380\" \/>\n\t<meta property=\"og:image:type\" content=\"image\/jpeg\" \/>\n<meta name=\"twitter:card\" content=\"summary_large_image\" \/>\n<meta name=\"twitter:label1\" content=\"Est. reading time\" \/>\n\t<meta name=\"twitter:data1\" content=\"8 minutos\" \/>\n<script type=\"application\/ld+json\" class=\"yoast-schema-graph\">{\"@context\":\"https:\\\/\\\/schema.org\",\"@graph\":[{\"@type\":\"WebPage\",\"@id\":\"https:\\\/\\\/lawcdh.com\\\/es\\\/areas-de-practica\\\/dwi\\\/\",\"url\":\"https:\\\/\\\/lawcdh.com\\\/es\\\/areas-de-practica\\\/dwi\\\/\",\"name\":\"Abogado de DWI en Syracuse | Abogado de DWI Por Delito Grave\",\"isPartOf\":{\"@id\":\"https:\\\/\\\/lawcdh.com\\\/es\\\/#website\"},\"primaryImageOfPage\":{\"@id\":\"https:\\\/\\\/lawcdh.com\\\/es\\\/areas-de-practica\\\/dwi\\\/#primaryimage\"},\"image\":{\"@id\":\"https:\\\/\\\/lawcdh.com\\\/es\\\/areas-de-practica\\\/dwi\\\/#primaryimage\"},\"thumbnailUrl\":\"https:\\\/\\\/lawcdh.com\\\/es\\\/wp-content\\\/uploads\\\/sites\\\/2\\\/2019\\\/01\\\/dwi-1.jpg\",\"datePublished\":\"2019-01-29T16:27:25+00:00\",\"dateModified\":\"2024-03-05T20:10:47+00:00\",\"description\":\"Nuestros abogados tienen la experiencia para defenderlo contra cargos de DWI en Syracuse. Cont\u00e1ctenos para hablar con nuestros abogados.\",\"breadcrumb\":{\"@id\":\"https:\\\/\\\/lawcdh.com\\\/es\\\/areas-de-practica\\\/dwi\\\/#breadcrumb\"},\"inLanguage\":\"es\",\"potentialAction\":[{\"@type\":\"ReadAction\",\"target\":[\"https:\\\/\\\/lawcdh.com\\\/es\\\/areas-de-practica\\\/dwi\\\/\"]}]},{\"@type\":\"ImageObject\",\"inLanguage\":\"es\",\"@id\":\"https:\\\/\\\/lawcdh.com\\\/es\\\/areas-de-practica\\\/dwi\\\/#primaryimage\",\"url\":\"https:\\\/\\\/lawcdh.com\\\/es\\\/wp-content\\\/uploads\\\/sites\\\/2\\\/2019\\\/01\\\/dwi-1.jpg\",\"contentUrl\":\"https:\\\/\\\/lawcdh.com\\\/es\\\/wp-content\\\/uploads\\\/sites\\\/2\\\/2019\\\/01\\\/dwi-1.jpg\",\"width\":700,\"height\":380,\"caption\":\"Alcoholic drink with car keys near\"},{\"@type\":\"BreadcrumbList\",\"@id\":\"https:\\\/\\\/lawcdh.com\\\/es\\\/areas-de-practica\\\/dwi\\\/#breadcrumb\",\"itemListElement\":[{\"@type\":\"ListItem\",\"position\":1,\"name\":\"Home\",\"item\":\"https:\\\/\\\/lawcdh.com\\\/es\\\/\"},{\"@type\":\"ListItem\",\"position\":2,\"name\":\"\u00c1reas de Pr\u00e1ctica\",\"item\":\"https:\\\/\\\/lawcdh.com\\\/es\\\/areas-de-practica\\\/\"},{\"@type\":\"ListItem\",\"position\":3,\"name\":\"Conducir en Estado de Ebriedad (DWI)\"}]},{\"@type\":\"WebSite\",\"@id\":\"https:\\\/\\\/lawcdh.com\\\/es\\\/#website\",\"url\":\"https:\\\/\\\/lawcdh.com\\\/es\\\/\",\"name\":\"CDH Law PLLC ES\",\"description\":\"\",\"potentialAction\":[{\"@type\":\"SearchAction\",\"target\":{\"@type\":\"EntryPoint\",\"urlTemplate\":\"https:\\\/\\\/lawcdh.com\\\/es\\\/?s={search_term_string}\"},\"query-input\":{\"@type\":\"PropertyValueSpecification\",\"valueRequired\":true,\"valueName\":\"search_term_string\"}}],\"inLanguage\":\"es\"}]}<\/script>\n<!-- \/ Yoast SEO plugin. -->","yoast_head_json":{"title":"Abogado de DWI en Syracuse | Abogado de DWI Por Delito Grave","description":"Nuestros abogados tienen la experiencia para defenderlo contra cargos de DWI en Syracuse. Cont\u00e1ctenos para hablar con nuestros abogados.","robots":{"index":"index","follow":"follow","max-snippet":"max-snippet:-1","max-image-preview":"max-image-preview:large","max-video-preview":"max-video-preview:-1"},"canonical":"https:\/\/lawcdh.com\/es\/areas-de-practica\/dwi\/","og_locale":"es_MX","og_type":"article","og_title":"Abogado de DWI en Syracuse | Abogado de DWI Por Delito Grave","og_description":"Nuestros abogados tienen la experiencia para defenderlo contra cargos de DWI en Syracuse. Cont\u00e1ctenos para hablar con nuestros abogados.","og_url":"https:\/\/lawcdh.com\/es\/areas-de-practica\/dwi\/","og_site_name":"CDH Law PLLC ES","article_modified_time":"2024-03-05T20:10:47+00:00","og_image":[{"width":700,"height":380,"url":"https:\/\/lawcdh.com\/es\/wp-content\/uploads\/sites\/2\/2019\/01\/dwi-1.jpg","type":"image\/jpeg"}],"twitter_card":"summary_large_image","twitter_misc":{"Est. reading time":"8 minutos"},"schema":{"@context":"https:\/\/schema.org","@graph":[{"@type":"WebPage","@id":"https:\/\/lawcdh.com\/es\/areas-de-practica\/dwi\/","url":"https:\/\/lawcdh.com\/es\/areas-de-practica\/dwi\/","name":"Abogado de DWI en Syracuse | Abogado de DWI Por Delito Grave","isPartOf":{"@id":"https:\/\/lawcdh.com\/es\/#website"},"primaryImageOfPage":{"@id":"https:\/\/lawcdh.com\/es\/areas-de-practica\/dwi\/#primaryimage"},"image":{"@id":"https:\/\/lawcdh.com\/es\/areas-de-practica\/dwi\/#primaryimage"},"thumbnailUrl":"https:\/\/lawcdh.com\/es\/wp-content\/uploads\/sites\/2\/2019\/01\/dwi-1.jpg","datePublished":"2019-01-29T16:27:25+00:00","dateModified":"2024-03-05T20:10:47+00:00","description":"Nuestros abogados tienen la experiencia para defenderlo contra cargos de DWI en Syracuse. Cont\u00e1ctenos para hablar con nuestros abogados.","breadcrumb":{"@id":"https:\/\/lawcdh.com\/es\/areas-de-practica\/dwi\/#breadcrumb"},"inLanguage":"es","potentialAction":[{"@type":"ReadAction","target":["https:\/\/lawcdh.com\/es\/areas-de-practica\/dwi\/"]}]},{"@type":"ImageObject","inLanguage":"es","@id":"https:\/\/lawcdh.com\/es\/areas-de-practica\/dwi\/#primaryimage","url":"https:\/\/lawcdh.com\/es\/wp-content\/uploads\/sites\/2\/2019\/01\/dwi-1.jpg","contentUrl":"https:\/\/lawcdh.com\/es\/wp-content\/uploads\/sites\/2\/2019\/01\/dwi-1.jpg","width":700,"height":380,"caption":"Alcoholic drink with car keys near"},{"@type":"BreadcrumbList","@id":"https:\/\/lawcdh.com\/es\/areas-de-practica\/dwi\/#breadcrumb","itemListElement":[{"@type":"ListItem","position":1,"name":"Home","item":"https:\/\/lawcdh.com\/es\/"},{"@type":"ListItem","position":2,"name":"\u00c1reas de Pr\u00e1ctica","item":"https:\/\/lawcdh.com\/es\/areas-de-practica\/"},{"@type":"ListItem","position":3,"name":"Conducir en Estado de Ebriedad (DWI)"}]},{"@type":"WebSite","@id":"https:\/\/lawcdh.com\/es\/#website","url":"https:\/\/lawcdh.com\/es\/","name":"CDH Law PLLC ES","description":"","potentialAction":[{"@type":"SearchAction","target":{"@type":"EntryPoint","urlTemplate":"https:\/\/lawcdh.com\/es\/?s={search_term_string}"},"query-input":{"@type":"PropertyValueSpecification","valueRequired":true,"valueName":"search_term_string"}}],"inLanguage":"es"}]}},"_links":{"self":[{"href":"https:\/\/lawcdh.com\/es\/wp-json\/wp\/v2\/pages\/943","targetHints":{"allow":["GET"]}}],"collection":[{"href":"https:\/\/lawcdh.com\/es\/wp-json\/wp\/v2\/pages"}],"about":[{"href":"https:\/\/lawcdh.com\/es\/wp-json\/wp\/v2\/types\/page"}],"author":[{"embeddable":true,"href":"https:\/\/lawcdh.com\/es\/wp-json\/wp\/v2\/users\/17"}],"replies":[{"embeddable":true,"href":"https:\/\/lawcdh.com\/es\/wp-json\/wp\/v2\/comments?post=943"}],"version-history":[{"count":0,"href":"https:\/\/lawcdh.com\/es\/wp-json\/wp\/v2\/pages\/943\/revisions"}],"up":[{"embeddable":true,"href":"https:\/\/lawcdh.com\/es\/wp-json\/wp\/v2\/pages\/487"}],"wp:featuredmedia":[{"embeddable":true,"href":"https:\/\/lawcdh.com\/es\/wp-json\/wp\/v2\/media\/868"}],"wp:attachment":[{"href":"https:\/\/lawcdh.com\/es\/wp-json\/wp\/v2\/media?parent=943"}],"wp:term":[{"taxonomy":"post_tag","embeddable":true,"href":"https:\/\/lawcdh.com\/es\/wp-json\/wp\/v2\/tags?post=943"}],"curies":[{"name":"wp","href":"https:\/\/api.w.org\/{rel}","templated":true}]}}