{"id":944,"date":"2019-01-29T17:42:20","date_gmt":"2019-01-29T17:42:20","guid":{"rendered":"http:\/\/lawcdh.com\/?page_id=833"},"modified":"2024-01-31T21:54:59","modified_gmt":"2024-01-31T21:54:59","slug":"ley-familiar","status":"publish","type":"page","link":"https:\/\/lawcdh.com\/es\/areas-de-practica\/ley-familiar\/","title":{"rendered":"Ley Familiar"},"content":{"rendered":"\n<p>Por muy doloroso que sea el divorcio para cualquier pareja, para aquellas con hijos es a\u00fan m\u00e1s desgarrador. Si bien las decisiones relacionadas con la divisi\u00f3n de los bienes conyugales o la necesidad de manutenci\u00f3n del c\u00f3nyuge suelen ser complicadas y conflictivas, las decisiones relativas a la custodia de los hijos pueden ser desgarradoras. Tener de su lado un abogado experimentado y asertivo en derecho de familia no s\u00f3lo es tranquilizador; garantiza que tendr\u00e1 una representaci\u00f3n efectiva durante las negociaciones y, si es necesario, en la sala del tribunal.<\/p>\n\n\n\n<p>Si se est\u00e1 divorciando en el condado de Onondaga o en los alrededores del centro de Nueva York, o ya est\u00e1 divorciado y enfrenta continuos problemas con su ex, debe recurrir a los abogados de derecho familiar de primer nivel de <a href=\"\/es\/\">Carden Dotzler Hammond, PLLC<\/a>. Convenientemente ubicados en Syracuse, contamos con credenciales impecables y la capacidad de realizar el trabajo a su entera satisfacci\u00f3n. M\u00e1s que eso, somos sensibles a las necesidades de sus hijos y trabajaremos arduamente para protegerlos y que sus vidas se vean lo menos afectadas posible por la agitaci\u00f3n que acompa\u00f1\u00f3 al divorcio de sus padres.<\/p>\n\n\n\n<h2 class=\"wp-block-heading\" id=\"custodia-del-nino\">Custodia Del Ni\u00f1o<\/h2>\n\n\n\n<p>Para la mayor\u00eda de las parejas con hijos, decidir sobre la custodia de los hijos es el aspecto m\u00e1s cr\u00edtico y, a menudo, uno de los m\u00e1s pol\u00e9micos de las negociaciones de divorcio.<\/p>\n\n\n\n<ul class=\"wp-block-list\">\n<li><strong>La custodia legal<\/strong> determina qu\u00e9 padre tomar\u00e1 decisiones b\u00e1sicas sobre la educaci\u00f3n, la religi\u00f3n y el tratamiento m\u00e9dico del ni\u00f1o. A menos que existan circunstancias inusuales en juego, en la mayor\u00eda de los casos, la custodia legal se otorga de forma conjunta.<\/li>\n\n\n\n<li><strong>La custodia f\u00edsica<\/strong>, por otro lado, determina con qu\u00e9 padre vivir\u00e1 el ni\u00f1o y es mucho m\u00e1s probable que sea disputada que la custodia legal.<\/li>\n\n\n\n<li><strong>La custodia compartida<\/strong> a veces puede ser una opci\u00f3n viable para la custodia f\u00edsica, especialmente cuando ambos padres viven en la misma \u00e1rea y tienen horarios que coinciden. En tales situaciones, el ni\u00f1o pasar\u00e1 aproximadamente la mitad de su tiempo con cada padre y podr\u00e1 asistir a la misma escuela desde cualquiera de sus bases.<\/li>\n\n\n\n<li><strong>La custodia exclusiva suele<\/strong> ser m\u00e1s pr\u00e1ctica y menos complicada para el ni\u00f1o porque vive en un solo lugar. Cuando se otorga la custodia exclusiva, debido al horario de trabajo de uno de los padres, la distancia que viven entre s\u00ed o alguna otra raz\u00f3n, el padre que no tiene la custodia tiene derecho a derechos de visita, ahora conocidos como \u201ctiempo de crianza\u201d.<\/li>\n<\/ul>\n\n\n\n<p>En la mayor\u00eda de los casos, las visitas resultan en que el padre sin custodia cuide al ni\u00f1o una o m\u00e1s noches por semana (generalmente para la cena), as\u00ed como cada dos fines de semana, en feriados alternos, durante uno o m\u00e1s per\u00edodos de vacaciones durante el a\u00f1o y durante la mitad del a\u00f1o. del verano.<\/p>\n\n\n\n<h2 class=\"wp-block-heading\" id=\"manutencion-de-los-hijos\">Manutenci\u00f3n de Los Hijos<\/h2>\n\n\n\n<p>Legalmente, ambos padres son responsables de mantener econ\u00f3micamente a sus hijos. Debido a que los ni\u00f1os tienen muchas necesidades f\u00edsicas adem\u00e1s de alojamiento y comida (que se dividir\u00e1n si los c\u00f3nyuges que se divorcian tienen la custodia compartida), se requieren varias discusiones sobre qu\u00e9 padre pagar\u00e1 por qu\u00e9. Muchos pueden decidirse durante las negociaciones de divorcio, pero es probable que algunos deban abordarse a medida que surjan durante la maduraci\u00f3n del ni\u00f1o.<\/p>\n\n\n\n<p>Los padres y sus abogados de derecho de familia tendr\u00e1n que discutir cuestiones financieras de manutenci\u00f3n infantil a medida que surjan, incluido qu\u00e9 padre pagar\u00e1:<\/p>\n\n\n\n<ul class=\"wp-block-list\">\n<li>Juguetes<\/li>\n\n\n\n<li>Ropa<\/li>\n\n\n\n<li>Equipo deportivo<\/li>\n\n\n\n<li>Art\u00edculos de arte<\/li>\n\n\n\n<li>Atenci\u00f3n m\u00e9dica<\/li>\n\n\n\n<li>Asesoramiento psicol\u00f3gico<\/li>\n\n\n\n<li>Tutor\u00eda o preparaci\u00f3n para el SAT<\/li>\n\n\n\n<li>Lecciones para intereses especiales como baile, patinaje, escultura, escritura, teatro.<\/li>\n<\/ul>\n\n\n\n<h3 class=\"wp-block-heading\">\u00bfCu\u00e1nto Tiempo Continuar\u00e1 la Manutenci\u00f3n de Los Hijos?<\/h3>\n\n\n\n<p>El estado de Nueva York exige que los ni\u00f1os sean mantenidos por sus padres hasta que cumplan 21 a\u00f1os, a menos que sean autosuficientes, se consideren emancipados, est\u00e9n en el ej\u00e9rcito o est\u00e9n casados. Debido a que la universidad es parte de un alto porcentaje de vidas j\u00f3venes, y debido a que la mayor\u00eda de los estudiantes no terminan la universidad hasta los 22 a\u00f1os, los padres a menudo tienen los costos universitarios escritos en el acuerdo de divorcio. Circunstancias especiales como esta requieren las habilidades de nuestros abogados expertos en derecho CDH.<\/p>\n\n\n\n<h3 class=\"wp-block-heading\"><a href=\"https:\/\/lawcdh.com\/es\/areas-de-practica\/ley-familiar\/custodia-del-nino\/modificacion-de-la-custodia-de-los-hijos\/\">Modificaci\u00f3n de la manutenci\u00f3n infantil<\/a><\/h3>\n\n\n\n<p>Los acuerdos de divorcio, como la mayor\u00eda de las cosas, deben permitir cambios en las circunstancias. Aunque muchos padres sin custodia no cumplen con sus pagos de manutenci\u00f3n infantil simplemente por obstinaci\u00f3n, resentimiento o pereza, otros experimentan cambios de vida imprevisibles que les hacen imposible pagar la cantidad acordada. Una enfermedad o accidente grave, una p\u00e9rdida de empleo o alg\u00fan otro tipo de rev\u00e9s financiero pueden hacer que un padre no pueda hacer frente a los pagos de manutenci\u00f3n de los hijos estipulados en el acuerdo de divorcio.<\/p>\n\n\n\n<p>En situaciones de incumplimiento de los pagos de manutenci\u00f3n de los hijos, el padre sin custodia puede solicitar modificaciones de la manutenci\u00f3n de los hijos m\u00e1s acordes con sus circunstancias financieras alteradas. Si el tribunal considera convincentes las pruebas presentadas, los pagos de manutenci\u00f3n de los hijos pueden modificarse temporal o permanentemente.<\/p>\n\n\n\n<p>Sin embargo, si el tribunal determina que el padre que no cumple est\u00e1 tratando de escapar sin pagar los pagos de manutenci\u00f3n de los hijos necesarios y legalmente vinculantes, se puede embargar el salario del padre que no cumple para garantizar que los pagos regulares de manutenci\u00f3n de los hijos se deduzcan autom\u00e1ticamente de su cuenta. cheque de pago.<\/p>\n\n\n\n<h3 class=\"wp-block-heading\">Violaciones de \u00f3Rdenes de Manutenci\u00f3n Infantil<\/h3>\n\n\n\n<p>Como la mayor\u00eda de nosotros sabemos, es muy com\u00fan que los padres que no tienen la custodia no cumplan con los pagos de manutenci\u00f3n infantil. Si bien en algunas situaciones una modificaci\u00f3n de los pagos de manutenci\u00f3n infantil por un corto tiempo puede resolver el problema, muchos padres financieramente negligentes son reincidentes. En los \u00faltimos a\u00f1os, el gobierno ha tomado medidas en\u00e9rgicas contra las mam\u00e1s y los pap\u00e1s \u201cvagos\u201d. En Nueva York, por ejemplo, se presume que el incumplimiento por parte de un padre de pagar la manutenci\u00f3n de los hijos ordenada por el tribunal es intencional y, por lo tanto, la carga de demostrar que este no es el caso recae en el padre moroso.<\/p>\n\n\n\n<p>Las violaciones de manutenci\u00f3n infantil se toman extremadamente en serio en Nueva York, ya que aumentaron exponencialmente en las \u00faltimas d\u00e9cadas y se cree que son un factor importante en la creciente tasa de pobreza entre los ni\u00f1os estadounidenses. Si un padre infractor es declarado culpable de ignorar intencionalmente las directivas judiciales sobre el pago de la manutenci\u00f3n de los hijos, a ese individuo se le puede suspender la licencia de conducir o ser encarcelado por sentencias consecutivas de 6 meses por infracciones repetidas que, en algunos casos, pueden extenderse hasta un a\u00f1o. y medio de prisi\u00f3n.<\/p>\n\n\n\n<p>Si el pago de la manutenci\u00f3n de los hijos est\u00e1 atrasado por m\u00e1s de 2 a\u00f1os, o el monto adeudado excede los $10,000, la violaci\u00f3n se convierte en un delito grave y los infractores condenados enfrentan multas y hasta 2 a\u00f1os de prisi\u00f3n. Cualquiera que sea el lado de una violaci\u00f3n de manutenci\u00f3n infantil en el que se encuentre, contar con un abogado experto en derecho de familia es esencial para llegar a una conclusi\u00f3n justa.<\/p>\n\n\n\n<h4 class=\"wp-block-heading\"><strong>Comun\u00edquese Con Nuestros Abogados de Derecho Familiar de Syracuse<\/strong><\/h4>\n\n\n<div class=\"wp-block-image\">\n<figure class=\"alignright is-resized\"><img loading=\"lazy\" decoding=\"async\" width=\"630\" height=\"872\" src=\"https:\/\/lawcdh.com\/es\/wp-content\/uploads\/sites\/2\/2019\/02\/logo-emblem@4x-1.png\" alt=\"Logo for CDH Law \" class=\"wp-image-1040\" style=\"width:141px;height:auto\"><\/figure>\n<\/div>\n\n\n<p>El derecho de familia casi siempre implica turbulencias financieras y emocionales. Por eso es tan importante contar con un abogado competente en derecho de familia que lo ayude a navegar las turbulentas aguas del divorcio. Cuando usted llega a CDH Law, se convierte en el centro de nuestra atenci\u00f3n. Tenemos las habilidades de comunicaci\u00f3n y la compasi\u00f3n para ayudarlo a encontrar su camino y la destreza en litigios para conducir a un acuerdo exitoso. Puede comunicarse con nosotros por tel\u00e9fono, correo electr\u00f3nico o completando un <a href=\"\/es\/contacto\/\">formulario de contacto<\/a> en nuestro sitio web.<\/p>\n\n\n\n<p><em><strong>Carden Dotzler Hammond, PLLC representa a clientes en Syracuse y en las siguientes ciudades y pueblos del condado de Onondaga: Camillus, Cicero, Clay, Dewitt, Elbridge, Geddes, Manlius, Marcellus, Onondaga, Salina, Skaneateles, Baldwinsville, East Syracuse, Fayetteville, Liverpool , Norte de Siracusa y Solvay<\/strong><\/em><\/p>\n\n\n\n<p><em>Contratar a un abogado es una decisi\u00f3n importante que no debe basarse \u00fanicamente en la publicidad. La informaci\u00f3n que usted obtiene en este sitio no es ni pretende ser asesoramiento legal. Debe consultar a un abogado para obtener asesoramiento sobre su situaci\u00f3n individual. Contactarnos no crea una relaci\u00f3n abogado-cliente. No nos env\u00ede ninguna informaci\u00f3n confidencial hasta que se haya establecido una relaci\u00f3n abogado-cliente.<\/em><\/p>\n","protected":false},"excerpt":{"rendered":"<p>Por muy doloroso que sea el divorcio para cualquier pareja, para aquellas con hijos es a\u00fan m\u00e1s desgarrador. Si bien las decisiones relacionadas con la divisi\u00f3n de los bienes conyugales o la necesidad de manutenci\u00f3n del c\u00f3nyuge suelen ser complicadas y conflictivas, las decisiones relativas a la custodia de los hijos pueden ser desgarradoras. Tener&#8230;<\/p>\n","protected":false},"author":17,"featured_media":869,"parent":487,"menu_order":0,"comment_status":"closed","ping_status":"closed","template":"","meta":{"_acf_changed":false,"footnotes":""},"tags":[],"class_list":["post-944","page","type-page","status-publish","has-post-thumbnail","hentry"],"acf":[],"yoast_head":"<!-- This site is optimized with the Yoast SEO plugin v27.4 - https:\/\/yoast.com\/product\/yoast-seo-wordpress\/ -->\n<title>Abogados de Derecho Familiar en El Centro de Nueva York | CDH<\/title>\n<meta name=\"description\" content=\"Si necesita servicios de derecho familiar, nuestros abogados pueden ayudarlo con el divorcio, la manutenci\u00f3n de los hijos y otros asuntos.\" \/>\n<meta name=\"robots\" content=\"index, follow, max-snippet:-1, max-image-preview:large, max-video-preview:-1\" \/>\n<link rel=\"canonical\" href=\"https:\/\/lawcdh.com\/es\/areas-de-practica\/ley-familiar\/\" \/>\n<meta property=\"og:locale\" content=\"es_MX\" \/>\n<meta property=\"og:type\" content=\"article\" \/>\n<meta property=\"og:title\" content=\"Abogados de Derecho Familiar en El Centro de Nueva York | CDH\" \/>\n<meta property=\"og:description\" content=\"Si necesita servicios de derecho familiar, nuestros abogados pueden ayudarlo con el divorcio, la manutenci\u00f3n de los hijos y otros asuntos.\" \/>\n<meta property=\"og:url\" content=\"https:\/\/lawcdh.com\/es\/areas-de-practica\/ley-familiar\/\" \/>\n<meta property=\"og:site_name\" content=\"CDH Law PLLC ES\" \/>\n<meta property=\"article:modified_time\" content=\"2024-01-31T21:54:59+00:00\" \/>\n<meta property=\"og:image\" content=\"https:\/\/lawcdh.com\/es\/wp-content\/uploads\/sites\/2\/2019\/01\/family-law-1.jpg\" \/>\n\t<meta property=\"og:image:width\" content=\"700\" \/>\n\t<meta property=\"og:image:height\" content=\"380\" \/>\n\t<meta property=\"og:image:type\" content=\"image\/jpeg\" \/>\n<meta name=\"twitter:card\" content=\"summary_large_image\" \/>\n<meta name=\"twitter:label1\" content=\"Est. reading time\" \/>\n\t<meta name=\"twitter:data1\" content=\"7 minutos\" \/>\n<script type=\"application\/ld+json\" class=\"yoast-schema-graph\">{\"@context\":\"https:\\\/\\\/schema.org\",\"@graph\":[{\"@type\":\"WebPage\",\"@id\":\"https:\\\/\\\/lawcdh.com\\\/es\\\/areas-de-practica\\\/ley-familiar\\\/\",\"url\":\"https:\\\/\\\/lawcdh.com\\\/es\\\/areas-de-practica\\\/ley-familiar\\\/\",\"name\":\"Abogados de Derecho Familiar en El Centro de Nueva York | CDH\",\"isPartOf\":{\"@id\":\"https:\\\/\\\/lawcdh.com\\\/es\\\/#website\"},\"primaryImageOfPage\":{\"@id\":\"https:\\\/\\\/lawcdh.com\\\/es\\\/areas-de-practica\\\/ley-familiar\\\/#primaryimage\"},\"image\":{\"@id\":\"https:\\\/\\\/lawcdh.com\\\/es\\\/areas-de-practica\\\/ley-familiar\\\/#primaryimage\"},\"thumbnailUrl\":\"https:\\\/\\\/lawcdh.com\\\/es\\\/wp-content\\\/uploads\\\/sites\\\/2\\\/2019\\\/01\\\/family-law-1.jpg\",\"datePublished\":\"2019-01-29T17:42:20+00:00\",\"dateModified\":\"2024-01-31T21:54:59+00:00\",\"description\":\"Si necesita servicios de derecho familiar, nuestros abogados pueden ayudarlo con el divorcio, la manutenci\u00f3n de los hijos y otros asuntos.\",\"breadcrumb\":{\"@id\":\"https:\\\/\\\/lawcdh.com\\\/es\\\/areas-de-practica\\\/ley-familiar\\\/#breadcrumb\"},\"inLanguage\":\"es\",\"potentialAction\":[{\"@type\":\"ReadAction\",\"target\":[\"https:\\\/\\\/lawcdh.com\\\/es\\\/areas-de-practica\\\/ley-familiar\\\/\"]}]},{\"@type\":\"ImageObject\",\"inLanguage\":\"es\",\"@id\":\"https:\\\/\\\/lawcdh.com\\\/es\\\/areas-de-practica\\\/ley-familiar\\\/#primaryimage\",\"url\":\"https:\\\/\\\/lawcdh.com\\\/es\\\/wp-content\\\/uploads\\\/sites\\\/2\\\/2019\\\/01\\\/family-law-1.jpg\",\"contentUrl\":\"https:\\\/\\\/lawcdh.com\\\/es\\\/wp-content\\\/uploads\\\/sites\\\/2\\\/2019\\\/01\\\/family-law-1.jpg\",\"width\":700,\"height\":380,\"caption\":\"Mother holding children hands through field of flowers during sunset\"},{\"@type\":\"BreadcrumbList\",\"@id\":\"https:\\\/\\\/lawcdh.com\\\/es\\\/areas-de-practica\\\/ley-familiar\\\/#breadcrumb\",\"itemListElement\":[{\"@type\":\"ListItem\",\"position\":1,\"name\":\"Home\",\"item\":\"https:\\\/\\\/lawcdh.com\\\/es\\\/\"},{\"@type\":\"ListItem\",\"position\":2,\"name\":\"\u00c1reas de Pr\u00e1ctica\",\"item\":\"https:\\\/\\\/lawcdh.com\\\/es\\\/areas-de-practica\\\/\"},{\"@type\":\"ListItem\",\"position\":3,\"name\":\"Ley Familiar\"}]},{\"@type\":\"WebSite\",\"@id\":\"https:\\\/\\\/lawcdh.com\\\/es\\\/#website\",\"url\":\"https:\\\/\\\/lawcdh.com\\\/es\\\/\",\"name\":\"CDH Law PLLC ES\",\"description\":\"\",\"potentialAction\":[{\"@type\":\"SearchAction\",\"target\":{\"@type\":\"EntryPoint\",\"urlTemplate\":\"https:\\\/\\\/lawcdh.com\\\/es\\\/?s={search_term_string}\"},\"query-input\":{\"@type\":\"PropertyValueSpecification\",\"valueRequired\":true,\"valueName\":\"search_term_string\"}}],\"inLanguage\":\"es\"}]}<\/script>\n<!-- \/ Yoast SEO plugin. -->","yoast_head_json":{"title":"Abogados de Derecho Familiar en El Centro de Nueva York | CDH","description":"Si necesita servicios de derecho familiar, nuestros abogados pueden ayudarlo con el divorcio, la manutenci\u00f3n de los hijos y otros asuntos.","robots":{"index":"index","follow":"follow","max-snippet":"max-snippet:-1","max-image-preview":"max-image-preview:large","max-video-preview":"max-video-preview:-1"},"canonical":"https:\/\/lawcdh.com\/es\/areas-de-practica\/ley-familiar\/","og_locale":"es_MX","og_type":"article","og_title":"Abogados de Derecho Familiar en El Centro de Nueva York | CDH","og_description":"Si necesita servicios de derecho familiar, nuestros abogados pueden ayudarlo con el divorcio, la manutenci\u00f3n de los hijos y otros asuntos.","og_url":"https:\/\/lawcdh.com\/es\/areas-de-practica\/ley-familiar\/","og_site_name":"CDH Law PLLC ES","article_modified_time":"2024-01-31T21:54:59+00:00","og_image":[{"width":700,"height":380,"url":"https:\/\/lawcdh.com\/es\/wp-content\/uploads\/sites\/2\/2019\/01\/family-law-1.jpg","type":"image\/jpeg"}],"twitter_card":"summary_large_image","twitter_misc":{"Est. reading time":"7 minutos"},"schema":{"@context":"https:\/\/schema.org","@graph":[{"@type":"WebPage","@id":"https:\/\/lawcdh.com\/es\/areas-de-practica\/ley-familiar\/","url":"https:\/\/lawcdh.com\/es\/areas-de-practica\/ley-familiar\/","name":"Abogados de Derecho Familiar en El Centro de Nueva York | CDH","isPartOf":{"@id":"https:\/\/lawcdh.com\/es\/#website"},"primaryImageOfPage":{"@id":"https:\/\/lawcdh.com\/es\/areas-de-practica\/ley-familiar\/#primaryimage"},"image":{"@id":"https:\/\/lawcdh.com\/es\/areas-de-practica\/ley-familiar\/#primaryimage"},"thumbnailUrl":"https:\/\/lawcdh.com\/es\/wp-content\/uploads\/sites\/2\/2019\/01\/family-law-1.jpg","datePublished":"2019-01-29T17:42:20+00:00","dateModified":"2024-01-31T21:54:59+00:00","description":"Si necesita servicios de derecho familiar, nuestros abogados pueden ayudarlo con el divorcio, la manutenci\u00f3n de los hijos y otros asuntos.","breadcrumb":{"@id":"https:\/\/lawcdh.com\/es\/areas-de-practica\/ley-familiar\/#breadcrumb"},"inLanguage":"es","potentialAction":[{"@type":"ReadAction","target":["https:\/\/lawcdh.com\/es\/areas-de-practica\/ley-familiar\/"]}]},{"@type":"ImageObject","inLanguage":"es","@id":"https:\/\/lawcdh.com\/es\/areas-de-practica\/ley-familiar\/#primaryimage","url":"https:\/\/lawcdh.com\/es\/wp-content\/uploads\/sites\/2\/2019\/01\/family-law-1.jpg","contentUrl":"https:\/\/lawcdh.com\/es\/wp-content\/uploads\/sites\/2\/2019\/01\/family-law-1.jpg","width":700,"height":380,"caption":"Mother holding children hands through field of flowers during sunset"},{"@type":"BreadcrumbList","@id":"https:\/\/lawcdh.com\/es\/areas-de-practica\/ley-familiar\/#breadcrumb","itemListElement":[{"@type":"ListItem","position":1,"name":"Home","item":"https:\/\/lawcdh.com\/es\/"},{"@type":"ListItem","position":2,"name":"\u00c1reas de Pr\u00e1ctica","item":"https:\/\/lawcdh.com\/es\/areas-de-practica\/"},{"@type":"ListItem","position":3,"name":"Ley Familiar"}]},{"@type":"WebSite","@id":"https:\/\/lawcdh.com\/es\/#website","url":"https:\/\/lawcdh.com\/es\/","name":"CDH Law PLLC ES","description":"","potentialAction":[{"@type":"SearchAction","target":{"@type":"EntryPoint","urlTemplate":"https:\/\/lawcdh.com\/es\/?s={search_term_string}"},"query-input":{"@type":"PropertyValueSpecification","valueRequired":true,"valueName":"search_term_string"}}],"inLanguage":"es"}]}},"_links":{"self":[{"href":"https:\/\/lawcdh.com\/es\/wp-json\/wp\/v2\/pages\/944","targetHints":{"allow":["GET"]}}],"collection":[{"href":"https:\/\/lawcdh.com\/es\/wp-json\/wp\/v2\/pages"}],"about":[{"href":"https:\/\/lawcdh.com\/es\/wp-json\/wp\/v2\/types\/page"}],"author":[{"embeddable":true,"href":"https:\/\/lawcdh.com\/es\/wp-json\/wp\/v2\/users\/17"}],"replies":[{"embeddable":true,"href":"https:\/\/lawcdh.com\/es\/wp-json\/wp\/v2\/comments?post=944"}],"version-history":[{"count":0,"href":"https:\/\/lawcdh.com\/es\/wp-json\/wp\/v2\/pages\/944\/revisions"}],"up":[{"embeddable":true,"href":"https:\/\/lawcdh.com\/es\/wp-json\/wp\/v2\/pages\/487"}],"wp:featuredmedia":[{"embeddable":true,"href":"https:\/\/lawcdh.com\/es\/wp-json\/wp\/v2\/media\/869"}],"wp:attachment":[{"href":"https:\/\/lawcdh.com\/es\/wp-json\/wp\/v2\/media?parent=944"}],"wp:term":[{"taxonomy":"post_tag","embeddable":true,"href":"https:\/\/lawcdh.com\/es\/wp-json\/wp\/v2\/tags?post=944"}],"curies":[{"name":"wp","href":"https:\/\/api.w.org\/{rel}","templated":true}]}}