{"id":945,"date":"2019-01-29T17:51:47","date_gmt":"2019-01-29T17:51:47","guid":{"rendered":"http:\/\/lawcdh.com\/?page_id=835"},"modified":"2024-02-01T14:51:58","modified_gmt":"2024-02-01T14:51:58","slug":"divorcio","status":"publish","type":"page","link":"https:\/\/lawcdh.com\/es\/areas-de-practica\/ley-familiar\/divorcio\/","title":{"rendered":"Divorcio"},"content":{"rendered":"\n<p>El divorcio, debido a su inevitable impacto financiero y emocional en su vida, rara vez es un proceso sencillo o fluido, pero tener un abogado con experiencia en divorcios a su lado puede hacerlo mucho m\u00e1s f\u00e1cil. Si vive en Syracuse o en otro lugar del condado de Onondaga o en los alrededores del centro de Nueva York, tiene una ventaja: la opci\u00f3n de elegir el respetado bufete de abogados de familia <a href=\"https:\/\/lawcdh.com\/es\/\">CDH Law<\/a> para que se encargue de su divorcio. Todos nuestros abogados expertos en divorcios tienen excelentes calificaciones y rese\u00f1as de Avvo y Google, y dos miembros de nuestro equipo tienen premios S\u00faper Abogados. Esto significa que cuando usted acude a nosotros en busca de asesoramiento legal, se trata de un bufete de abogados superior, uno en el que puede confiar para que le gu\u00ede hacia un resultado exitoso para usted y su familia.<\/p>\n\n\n\n<h2 class=\"wp-block-heading\" id=\"la-separacion-acordada-puede-ser-motivo-de-divorcio\">La Separaci\u00f3n Acordada Puede Ser Motivo de Divorcio.<\/h2>\n\n\n\n<p>En Nueva York, las parejas casadas pueden solicitar la separaci\u00f3n legal como alternativa o precursora del divorcio. Cuando uno de nuestros abogados expertos ayuda a una pareja a separarse legalmente, nos enfrentamos a casi todos los mismos problemas que afrontar\u00edamos en un acuerdo de divorcio. La diferencia es que despu\u00e9s de una separaci\u00f3n legal la pareja sigue legalmente casada y ninguna de las partes es libre de casarse con otra persona.<\/p>\n\n\n\n<p>Hay varias razones por las que una pareja puede decidir una separaci\u00f3n legal incluso cuando no es un primer paso hacia el divorcio: [1] no quieren la finalidad del divorcio [2] tienen una objeci\u00f3n religiosa o moral al divorcio [3] una de las partes quiere permanecer cubierta por el plan de atenci\u00f3n m\u00e9dica de la otra [4] hay una ventaja financiera en t\u00e9rminos de presentar una declaraci\u00f3n de impuestos conjunta o [5] puede haber futuros beneficios militares o de Seguridad Social al permanecer casado durante al menos 10 a\u00f1os.<\/p>\n\n\n\n<p>En Nueva York, un acuerdo de separaci\u00f3n es un contrato que detalla la manutenci\u00f3n del c\u00f3nyuge, la custodia y visitas de los hijos y la divisi\u00f3n de los bienes conyugales. En el documento, la pareja se compromete a vivir separados y cumplir los t\u00e9rminos del contrato. El Acuerdo de Separaci\u00f3n se presenta ante el secretario del condado en el que reside cualquiera de los c\u00f3nyuges y puede ser ejecutado por los tribunales. Transcurrido un a\u00f1o desde la fecha de la firma del acuerdo, cualquiera de los c\u00f3nyuges puede solicitar el divorcio.<\/p>\n\n\n\n<h3 class=\"wp-block-heading\">Divorcio \u201cSin Culpa\u201d en El Estado de Nueva York<\/h3>\n\n\n\n<p>Desde el 12 de octubre de 2010, Nueva York es considerado un estado de <a href=\"https:\/\/lawcdh.com\/es\/areas-de-practica\/ley-familiar\/divorcio\/divorcio-sin-culpa\/\">divorcio sin culpa<\/a> porque en ese momento la \u201cruptura irrecuperable\u201d de la relaci\u00f3n entre c\u00f3nyuges (durante al menos 6 meses) se convirti\u00f3 en motivo de divorcio. El tribunal s\u00f3lo conceder\u00e1 el divorcio por estos motivos una vez que los dos c\u00f3nyuges hayan acordado la divisi\u00f3n de bienes, la custodia y manutenci\u00f3n de los hijos y todos los dem\u00e1s asuntos relacionados con la ruptura del matrimonio.<\/p>\n\n\n\n<h3 class=\"wp-block-heading\">Motivos de Culpa Para El Divorcio en El Estado de Nueva York<\/h3>\n\n\n\n<p>Adem\u00e1s de vivir separados durante 6 meses y seguir los t\u00e9rminos de un Acuerdo de Separaci\u00f3n legal, varios otros <a href=\"https:\/\/lawcdh.com\/es\/areas-de-practica\/ley-familiar\/divorcio\/motivos-de-divorcio-en-nueva-york\/\">motivos de divorcio<\/a> permanecen en los libros y pueden usarse en un procedimiento de divorcio en el Estado de Nueva York. \u00c9stas incluyen:<\/p>\n\n\n\n<ul class=\"wp-block-list\">\n<li><strong>Trato cruel e inhumano<\/strong> en el que se percibe el peligro de que el abuso f\u00edsico o mental presente un peligro para una o ambas partes si contin\u00faan conviviendo.<\/li>\n\n\n\n<li><strong>Abandono<\/strong> en el que un c\u00f3nyuge deja al otro durante al menos un a\u00f1o o obliga al otro a abandonar el hogar por el mismo per\u00edodo de tiempo<\/li>\n\n\n\n<li><strong>El encarcelamiento<\/strong> es causa de divorcio si su c\u00f3nyuge est\u00e1 encarcelado durante 3 a\u00f1os o m\u00e1s, pero solo si el encarcelamiento del c\u00f3nyuge comenz\u00f3 despu\u00e9s del matrimonio y no ocurri\u00f3 m\u00e1s de 5 a\u00f1os antes de la presentaci\u00f3n del divorcio.<\/li>\n\n\n\n<li><strong>El adulterio<\/strong> es motivo de divorcio en Nueva York, pero debe probarse mediante evidencia fotogr\u00e1fica o un testigo que testifique.<\/li>\n<\/ul>\n\n\n\n<h3 class=\"wp-block-heading\">Divisi\u00f3n de Bienes Conyugales en Nueva York<\/h3>\n\n\n\n<p>En t\u00e9rminos de divisi\u00f3n de los bienes conyugales durante un divorcio, Nueva York es un estado de distribuci\u00f3n equitativa. Esto significa que los bienes conyugales de la pareja deben dividirse equitativamente, pero no necesariamente en mitades iguales. Seg\u00fan la ley, hay una serie de regulaciones muy espec\u00edficas que deben cumplirse para que el gobierno estatal considere \u201cequitativa\u201d la divisi\u00f3n de la propiedad. Nuestros expertos abogados de divorcio siempre se mantienen actualizados con cualquier nueva legislaci\u00f3n relacionada con la distribuci\u00f3n de propiedades para garantizar que nuestros clientes siempre reciban un acuerdo justo.<\/p>\n\n\n\n<p>Existen complejidades involucradas en el proceso de divisi\u00f3n de bienes en el estado de Nueva York, lo que hace que sea crucial contar con una representaci\u00f3n legal s\u00f3lida y bien informada durante el proceso de divorcio. Al dividir los bienes conyugales se deben considerar todos los bienes adquiridos por la pareja durante el matrimonio, incluyendo:<\/p>\n\n\n\n<ul class=\"wp-block-list\">\n<li>Tierra<\/li>\n\n\n\n<li>Casas<\/li>\n\n\n\n<li>Propiedades para alquilar<\/li>\n\n\n\n<li>Veh\u00edculos comprados despu\u00e9s del matrimonio, incluso si el t\u00edtulo est\u00e1 a nombre de uno de los c\u00f3nyuges.<\/li>\n\n\n\n<li>Planes de jubilaci\u00f3n y pensiones<\/li>\n\n\n\n<li>Cuentas de inversi\u00f3n<\/li>\n\n\n\n<li>Empresas<\/li>\n\n\n\n<li>Pr\u00e1cticas profesionales<\/li>\n\n\n\n<li>Regalos intercambiados entre c\u00f3nyuges durante el matrimonio.<\/li>\n<\/ul>\n\n\n\n<p>Es importante se\u00f1alar que, aunque las leyes de distribuci\u00f3n equitativa de Nueva York exigen la divisi\u00f3n de todos los bienes conyugales, los bienes pose\u00eddos antes del matrimonio o adquiridos por una de las partes durante el matrimonio (como una herencia o una indemnizaci\u00f3n por da\u00f1os personales) se consideran bienes separados. propiedad de uno de los c\u00f3nyuges y est\u00e1 excluido del patrimonio conyugal combinado.<br>Adem\u00e1s, debe recordarse que las deudas conyugales tambi\u00e9n forman parte de los bienes conyugales y, a menos que se pueda demostrar que uno de los c\u00f3nyuges apost\u00f3 en secreto o acumul\u00f3 deudas de tarjetas de cr\u00e9dito privadas, ambos c\u00f3nyuges son responsables de pagar todas las deudas antes de dividir sus bienes comunes. activos.<\/p>\n\n\n\n<h3 class=\"wp-block-heading\">Activos Ocultos<\/h3>\n\n\n\n<p>Para que cada c\u00f3nyuge reciba un trato justo durante las negociaciones de divorcio, no se deben ocultar bienes de ninguna de las partes a la otra. Lamentablemente, esta t\u00e1ctica injusta e ilegal puede ser utilizada por uno de los c\u00f3nyuges para castigar al otro o simplemente por codicia. En CDH Law, nuestros abogados de divorcios bien formados conocen todos los trucos utilizados para ocultar activos e investigar\u00e1n a fondo para localizar cualquier fondo que haya sido sustra\u00eddo. Recuerde, nuestra primera prioridad son siempre sus mejores intereses. Si descubrimos activos que su c\u00f3nyuge ha estado ocultando, no solo nos aseguraremos de que esos activos est\u00e9n incluidos en los recursos mancomunados que se dividen, sino que tambi\u00e9n nos aseguraremos de que su exc\u00f3nyuge enfrente cualquier responsabilidad aplicable y cargos por desacato.<\/p>\n\n\n\n<h3 class=\"wp-block-heading\">Manutenci\u00f3n Conyugal<\/h3>\n\n\n\n<p>La manutenci\u00f3n conyugal, a veces llamada pensi\u00f3n alimenticia o manutenci\u00f3n conyugal, es dinero que paga un c\u00f3nyuge al otro despu\u00e9s de separarse o divorciarse. Las leyes relativas a la manutenci\u00f3n conyugal se originaron en una \u00e9poca en la que los maridos eran los principales asalariados y las esposas eran, en general, amas de casa. Ahora, cuando la mayor\u00eda de los c\u00f3nyuges trabajan y es muy posible que la esposa gane m\u00e1s dinero que el marido, las leyes han cambiado para reflejar las diferencias culturales. Sin embargo, muchas m\u00e1s esposas que maridos siguen solicitando manutenci\u00f3n conyugal, ya que las mujeres en general todav\u00eda ganan menos que sus maridos.<\/p>\n\n\n\n<p>Hoy en d\u00eda, muchos c\u00f3nyuges no solicitan manutenci\u00f3n conyugal en absoluto. Cuando lo hacen, si el matrimonio fue de corta duraci\u00f3n (menos de 7 a\u00f1os), lo m\u00e1s probable es que los tribunales otorguen s\u00f3lo una pensi\u00f3n alimenticia para \u201ccerrar la brecha\u201d para permitir que el que gana menos se ponga al d\u00eda. S\u00f3lo si el matrimonio ha durado siete a\u00f1os o m\u00e1s es probable que se conceda una \u201cpensi\u00f3n alimenticia duradera\u201d.<\/p>\n\n\n\n<p>Adem\u00e1s de la duraci\u00f3n del matrimonio, los tribunales considerar\u00e1n los siguientes factores al decidir si se otorgar\u00e1 manutenci\u00f3n conyugal y en qu\u00e9 medida:<\/p>\n\n\n\n<ul class=\"wp-block-list\">\n<li>Nivel de vida de la pareja mientras est\u00e1 casada<\/li>\n\n\n\n<li>Ingresos de cada c\u00f3nyuge<\/li>\n\n\n\n<li>Capacidad de ingresos presente y futura de cada c\u00f3nyuge<\/li>\n\n\n\n<li>Bienes propiedad de cada c\u00f3nyuge individualmente<\/li>\n\n\n\n<li>La porci\u00f3n de propiedad compartida de cada c\u00f3nyuge<\/li>\n\n\n\n<li>Si uno de los c\u00f3nyuges se ha quedado en casa para cuidar a los ni\u00f1os peque\u00f1os<\/li>\n\n\n\n<li>D\u00f3nde vivir\u00e1n los ni\u00f1os peque\u00f1os<\/li>\n\n\n\n<li>Si uno de los c\u00f3nyuges ha ganado sustancialmente menos que el otro durante el matrimonio<\/li>\n\n\n\n<li>La edad y el estado de salud de cada c\u00f3nyuge.<\/li>\n\n\n\n<li>Necesidad de educaci\u00f3n o capacitaci\u00f3n adicional para que uno de los c\u00f3nyuges sea autosuficiente<\/li>\n\n\n\n<li>Edad, salud y necesidades especiales de cualquier ni\u00f1o.<\/li>\n\n\n\n<li>Si hay otros dependientes (por ejemplo, parientes ancianos) a cargo de cualquiera de los c\u00f3nyuges<\/li>\n\n\n\n<li>El impacto fiscal de la manutenci\u00f3n del c\u00f3nyuge en cada parte<\/li>\n<\/ul>\n\n\n<div class=\"wp-block-image\">\n<figure class=\"alignright is-resized\"><img loading=\"lazy\" decoding=\"async\" width=\"630\" height=\"872\" src=\"https:\/\/lawcdh.com\/es\/wp-content\/uploads\/sites\/2\/2019\/02\/logo-emblem@4x-1.png\" alt=\"Logo for CDH Law \" class=\"wp-image-1040\" style=\"width:200px;height:auto\"><\/figure>\n<\/div>\n\n\n<p>Como puede ver, hay muchos factores que se deben considerar antes de que el tribunal decida sobre las condiciones de manutenci\u00f3n del c\u00f3nyuge. Contar con un abogado de divorcios agresivo que luche por sus derechos, ya sea que usted est\u00e9 buscando manutenci\u00f3n conyugal o su c\u00f3nyuge est\u00e9 solicitando fondos de usted, es absolutamente esencial. Solicitar a CDH Law apoyo y representaci\u00f3n legal superior es una elecci\u00f3n que agradecer\u00e1 haber tomado. Consulte nuestras excelentes credenciales, testimonios entusiastas y nuestra reputaci\u00f3n de integridad y compasi\u00f3n y ll\u00e1menos o <a href=\"\/es\/contacto\/\">complete el formulario de contacto<\/a>.<\/p>\n\n\n\n<p><em><strong>Carden Dotzler Hammond, PLLC representa a clientes en Syracuse y en las siguientes ciudades y pueblos del condado de Onondaga: Camillus, Cicero, Clay, Dewitt, Elbridge, Geddes, Manlius, Marcellus, Onondaga, Salina, Skaneateles, Baldwinsville, East Syracuse, Fayetteville, Liverpool , Norte de Siracusa y Solvay<\/strong><\/em><\/p>\n\n\n\n<p><em>Contratar a un abogado es una decisi\u00f3n importante que no debe basarse \u00fanicamente en la publicidad. La informaci\u00f3n que usted obtiene en este sitio no es ni pretende ser asesoramiento legal. Debe consultar a un abogado para obtener asesoramiento sobre su situaci\u00f3n individual. Contactarnos no crea una relaci\u00f3n abogado-cliente. No nos env\u00ede ninguna informaci\u00f3n confidencial hasta que se haya establecido una relaci\u00f3n abogado-cliente.<\/em><\/p>\n","protected":false},"excerpt":{"rendered":"<p>El divorcio, debido a su inevitable impacto financiero y emocional en su vida, rara vez es un proceso sencillo o fluido, pero tener un abogado con experiencia en divorcios a su lado puede hacerlo mucho m\u00e1s f\u00e1cil. Si vive en Syracuse o en otro lugar del condado de Onondaga o en los alrededores del centro&#8230;<\/p>\n","protected":false},"author":17,"featured_media":2832,"parent":944,"menu_order":0,"comment_status":"closed","ping_status":"closed","template":"","meta":{"_acf_changed":false,"footnotes":""},"tags":[],"class_list":["post-945","page","type-page","status-publish","has-post-thumbnail","hentry"],"acf":[],"yoast_head":"<!-- This site is optimized with the Yoast SEO plugin v27.4 - https:\/\/yoast.com\/product\/yoast-seo-wordpress\/ -->\n<title>Abogados de Divorcio de Syracuse Y El Centro de Nueva York<\/title>\n<meta name=\"description\" content=\"Si decide divorciarse, es importante tener un abogado de divorcios de su lado. Contactanos hoy para una consulta.\" \/>\n<meta name=\"robots\" content=\"index, follow, max-snippet:-1, max-image-preview:large, max-video-preview:-1\" \/>\n<link rel=\"canonical\" href=\"https:\/\/lawcdh.com\/es\/areas-de-practica\/ley-familiar\/divorcio\/\" \/>\n<meta property=\"og:locale\" content=\"es_MX\" \/>\n<meta property=\"og:type\" content=\"article\" \/>\n<meta property=\"og:title\" content=\"Abogados de Divorcio de Syracuse Y El Centro de Nueva York\" \/>\n<meta property=\"og:description\" content=\"Si decide divorciarse, es importante tener un abogado de divorcios de su lado. Contactanos hoy para una consulta.\" \/>\n<meta property=\"og:url\" content=\"https:\/\/lawcdh.com\/es\/areas-de-practica\/ley-familiar\/divorcio\/\" \/>\n<meta property=\"og:site_name\" content=\"CDH Law PLLC ES\" \/>\n<meta property=\"article:modified_time\" content=\"2024-02-01T14:51:58+00:00\" \/>\n<meta property=\"og:image\" content=\"https:\/\/lawcdh.com\/es\/wp-content\/uploads\/sites\/2\/2024\/02\/divorcio.png\" \/>\n\t<meta property=\"og:image:width\" content=\"730\" \/>\n\t<meta property=\"og:image:height\" content=\"300\" \/>\n\t<meta property=\"og:image:type\" content=\"image\/png\" \/>\n<meta name=\"twitter:card\" content=\"summary_large_image\" \/>\n<meta name=\"twitter:label1\" content=\"Est. reading time\" \/>\n\t<meta name=\"twitter:data1\" content=\"8 minutos\" \/>\n<script type=\"application\/ld+json\" class=\"yoast-schema-graph\">{\"@context\":\"https:\\\/\\\/schema.org\",\"@graph\":[{\"@type\":\"WebPage\",\"@id\":\"https:\\\/\\\/lawcdh.com\\\/es\\\/areas-de-practica\\\/ley-familiar\\\/divorcio\\\/\",\"url\":\"https:\\\/\\\/lawcdh.com\\\/es\\\/areas-de-practica\\\/ley-familiar\\\/divorcio\\\/\",\"name\":\"Abogados de Divorcio de Syracuse Y El Centro de Nueva York\",\"isPartOf\":{\"@id\":\"https:\\\/\\\/lawcdh.com\\\/es\\\/#website\"},\"primaryImageOfPage\":{\"@id\":\"https:\\\/\\\/lawcdh.com\\\/es\\\/areas-de-practica\\\/ley-familiar\\\/divorcio\\\/#primaryimage\"},\"image\":{\"@id\":\"https:\\\/\\\/lawcdh.com\\\/es\\\/areas-de-practica\\\/ley-familiar\\\/divorcio\\\/#primaryimage\"},\"thumbnailUrl\":\"https:\\\/\\\/lawcdh.com\\\/es\\\/wp-content\\\/uploads\\\/sites\\\/2\\\/2024\\\/02\\\/divorcio.png\",\"datePublished\":\"2019-01-29T17:51:47+00:00\",\"dateModified\":\"2024-02-01T14:51:58+00:00\",\"description\":\"Si decide divorciarse, es importante tener un abogado de divorcios de su lado. Contactanos hoy para una consulta.\",\"breadcrumb\":{\"@id\":\"https:\\\/\\\/lawcdh.com\\\/es\\\/areas-de-practica\\\/ley-familiar\\\/divorcio\\\/#breadcrumb\"},\"inLanguage\":\"es\",\"potentialAction\":[{\"@type\":\"ReadAction\",\"target\":[\"https:\\\/\\\/lawcdh.com\\\/es\\\/areas-de-practica\\\/ley-familiar\\\/divorcio\\\/\"]}]},{\"@type\":\"ImageObject\",\"inLanguage\":\"es\",\"@id\":\"https:\\\/\\\/lawcdh.com\\\/es\\\/areas-de-practica\\\/ley-familiar\\\/divorcio\\\/#primaryimage\",\"url\":\"https:\\\/\\\/lawcdh.com\\\/es\\\/wp-content\\\/uploads\\\/sites\\\/2\\\/2024\\\/02\\\/divorcio.png\",\"contentUrl\":\"https:\\\/\\\/lawcdh.com\\\/es\\\/wp-content\\\/uploads\\\/sites\\\/2\\\/2024\\\/02\\\/divorcio.png\",\"width\":730,\"height\":300,\"caption\":\"Abogada con anillos y papeles de divorcio para una clienta.\"},{\"@type\":\"BreadcrumbList\",\"@id\":\"https:\\\/\\\/lawcdh.com\\\/es\\\/areas-de-practica\\\/ley-familiar\\\/divorcio\\\/#breadcrumb\",\"itemListElement\":[{\"@type\":\"ListItem\",\"position\":1,\"name\":\"Home\",\"item\":\"https:\\\/\\\/lawcdh.com\\\/es\\\/\"},{\"@type\":\"ListItem\",\"position\":2,\"name\":\"\u00c1reas de Pr\u00e1ctica\",\"item\":\"https:\\\/\\\/lawcdh.com\\\/es\\\/areas-de-practica\\\/\"},{\"@type\":\"ListItem\",\"position\":3,\"name\":\"Ley Familiar\",\"item\":\"https:\\\/\\\/lawcdh.com\\\/es\\\/areas-de-practica\\\/ley-familiar\\\/\"},{\"@type\":\"ListItem\",\"position\":4,\"name\":\"Divorcio\"}]},{\"@type\":\"WebSite\",\"@id\":\"https:\\\/\\\/lawcdh.com\\\/es\\\/#website\",\"url\":\"https:\\\/\\\/lawcdh.com\\\/es\\\/\",\"name\":\"CDH Law PLLC ES\",\"description\":\"\",\"potentialAction\":[{\"@type\":\"SearchAction\",\"target\":{\"@type\":\"EntryPoint\",\"urlTemplate\":\"https:\\\/\\\/lawcdh.com\\\/es\\\/?s={search_term_string}\"},\"query-input\":{\"@type\":\"PropertyValueSpecification\",\"valueRequired\":true,\"valueName\":\"search_term_string\"}}],\"inLanguage\":\"es\"}]}<\/script>\n<!-- \/ Yoast SEO plugin. -->","yoast_head_json":{"title":"Abogados de Divorcio de Syracuse Y El Centro de Nueva York","description":"Si decide divorciarse, es importante tener un abogado de divorcios de su lado. Contactanos hoy para una consulta.","robots":{"index":"index","follow":"follow","max-snippet":"max-snippet:-1","max-image-preview":"max-image-preview:large","max-video-preview":"max-video-preview:-1"},"canonical":"https:\/\/lawcdh.com\/es\/areas-de-practica\/ley-familiar\/divorcio\/","og_locale":"es_MX","og_type":"article","og_title":"Abogados de Divorcio de Syracuse Y El Centro de Nueva York","og_description":"Si decide divorciarse, es importante tener un abogado de divorcios de su lado. Contactanos hoy para una consulta.","og_url":"https:\/\/lawcdh.com\/es\/areas-de-practica\/ley-familiar\/divorcio\/","og_site_name":"CDH Law PLLC ES","article_modified_time":"2024-02-01T14:51:58+00:00","og_image":[{"width":730,"height":300,"url":"https:\/\/lawcdh.com\/es\/wp-content\/uploads\/sites\/2\/2024\/02\/divorcio.png","type":"image\/png"}],"twitter_card":"summary_large_image","twitter_misc":{"Est. reading time":"8 minutos"},"schema":{"@context":"https:\/\/schema.org","@graph":[{"@type":"WebPage","@id":"https:\/\/lawcdh.com\/es\/areas-de-practica\/ley-familiar\/divorcio\/","url":"https:\/\/lawcdh.com\/es\/areas-de-practica\/ley-familiar\/divorcio\/","name":"Abogados de Divorcio de Syracuse Y El Centro de Nueva York","isPartOf":{"@id":"https:\/\/lawcdh.com\/es\/#website"},"primaryImageOfPage":{"@id":"https:\/\/lawcdh.com\/es\/areas-de-practica\/ley-familiar\/divorcio\/#primaryimage"},"image":{"@id":"https:\/\/lawcdh.com\/es\/areas-de-practica\/ley-familiar\/divorcio\/#primaryimage"},"thumbnailUrl":"https:\/\/lawcdh.com\/es\/wp-content\/uploads\/sites\/2\/2024\/02\/divorcio.png","datePublished":"2019-01-29T17:51:47+00:00","dateModified":"2024-02-01T14:51:58+00:00","description":"Si decide divorciarse, es importante tener un abogado de divorcios de su lado. Contactanos hoy para una consulta.","breadcrumb":{"@id":"https:\/\/lawcdh.com\/es\/areas-de-practica\/ley-familiar\/divorcio\/#breadcrumb"},"inLanguage":"es","potentialAction":[{"@type":"ReadAction","target":["https:\/\/lawcdh.com\/es\/areas-de-practica\/ley-familiar\/divorcio\/"]}]},{"@type":"ImageObject","inLanguage":"es","@id":"https:\/\/lawcdh.com\/es\/areas-de-practica\/ley-familiar\/divorcio\/#primaryimage","url":"https:\/\/lawcdh.com\/es\/wp-content\/uploads\/sites\/2\/2024\/02\/divorcio.png","contentUrl":"https:\/\/lawcdh.com\/es\/wp-content\/uploads\/sites\/2\/2024\/02\/divorcio.png","width":730,"height":300,"caption":"Abogada con anillos y papeles de divorcio para una clienta."},{"@type":"BreadcrumbList","@id":"https:\/\/lawcdh.com\/es\/areas-de-practica\/ley-familiar\/divorcio\/#breadcrumb","itemListElement":[{"@type":"ListItem","position":1,"name":"Home","item":"https:\/\/lawcdh.com\/es\/"},{"@type":"ListItem","position":2,"name":"\u00c1reas de Pr\u00e1ctica","item":"https:\/\/lawcdh.com\/es\/areas-de-practica\/"},{"@type":"ListItem","position":3,"name":"Ley Familiar","item":"https:\/\/lawcdh.com\/es\/areas-de-practica\/ley-familiar\/"},{"@type":"ListItem","position":4,"name":"Divorcio"}]},{"@type":"WebSite","@id":"https:\/\/lawcdh.com\/es\/#website","url":"https:\/\/lawcdh.com\/es\/","name":"CDH Law PLLC ES","description":"","potentialAction":[{"@type":"SearchAction","target":{"@type":"EntryPoint","urlTemplate":"https:\/\/lawcdh.com\/es\/?s={search_term_string}"},"query-input":{"@type":"PropertyValueSpecification","valueRequired":true,"valueName":"search_term_string"}}],"inLanguage":"es"}]}},"_links":{"self":[{"href":"https:\/\/lawcdh.com\/es\/wp-json\/wp\/v2\/pages\/945","targetHints":{"allow":["GET"]}}],"collection":[{"href":"https:\/\/lawcdh.com\/es\/wp-json\/wp\/v2\/pages"}],"about":[{"href":"https:\/\/lawcdh.com\/es\/wp-json\/wp\/v2\/types\/page"}],"author":[{"embeddable":true,"href":"https:\/\/lawcdh.com\/es\/wp-json\/wp\/v2\/users\/17"}],"replies":[{"embeddable":true,"href":"https:\/\/lawcdh.com\/es\/wp-json\/wp\/v2\/comments?post=945"}],"version-history":[{"count":0,"href":"https:\/\/lawcdh.com\/es\/wp-json\/wp\/v2\/pages\/945\/revisions"}],"up":[{"embeddable":true,"href":"https:\/\/lawcdh.com\/es\/wp-json\/wp\/v2\/pages\/944"}],"wp:featuredmedia":[{"embeddable":true,"href":"https:\/\/lawcdh.com\/es\/wp-json\/wp\/v2\/media\/2832"}],"wp:attachment":[{"href":"https:\/\/lawcdh.com\/es\/wp-json\/wp\/v2\/media?parent=945"}],"wp:term":[{"taxonomy":"post_tag","embeddable":true,"href":"https:\/\/lawcdh.com\/es\/wp-json\/wp\/v2\/tags?post=945"}],"curies":[{"name":"wp","href":"https:\/\/api.w.org\/{rel}","templated":true}]}}